{"id":1209,"date":"2023-09-07T10:30:36","date_gmt":"2023-09-07T10:30:36","guid":{"rendered":"https:\/\/theqbox.es\/accessibility-policy\/"},"modified":"2023-10-02T13:38:01","modified_gmt":"2023-10-02T13:38:01","slug":"accessibility-policy","status":"publish","type":"page","link":"https:\/\/theqbox.es\/en\/accessibility-policy\/","title":{"rendered":"Accessibility policy"},"content":{"rendered":"<section class=\"wpb-content-wrapper\"><p>[vc_row css_animation=&#8221;&#8221; row_type=&#8221;row&#8221; use_row_as_full_screen_section=&#8221;no&#8221; type=&#8221;full_width&#8221; angled_section=&#8221;no&#8221; text_align=&#8221;left&#8221; background_image_as_pattern=&#8221;without_pattern&#8221; css=&#8221;.vc_custom_1693991690877{background-color: #efe6d9 !important;}&#8221; z_index=&#8221;&#8221;][vc_column width=&#8221;1\/12&#8243;][\/vc_column][vc_column width=&#8221;10\/12&#8243;][vc_empty_space height=&#8221;80px&#8221;][vc_column_text]<\/p>\n<h1>Accessibility policy.<\/h1>\n<p>[\/vc_column_text][vc_empty_space height=&#8221;100px&#8221;][\/vc_column][vc_column width=&#8221;1\/12&#8243;][\/vc_column][\/vc_row][vc_row css_animation=&#8221;&#8221; row_type=&#8221;row&#8221; use_row_as_full_screen_section=&#8221;no&#8221; type=&#8221;full_width&#8221; angled_section=&#8221;no&#8221; text_align=&#8221;left&#8221; background_image_as_pattern=&#8221;without_pattern&#8221;][vc_column][vc_empty_space height=&#8221;50px&#8221;][\/vc_column][\/vc_row][vc_row css_animation=&#8221;&#8221; row_type=&#8221;row&#8221; use_row_as_full_screen_section=&#8221;no&#8221; type=&#8221;grid&#8221; angled_section=&#8221;no&#8221; text_align=&#8221;left&#8221; background_image_as_pattern=&#8221;without_pattern&#8221; z_index=&#8221;&#8221;][vc_column][vc_column_text]<em><strong>TIENDAS Y MUSEOS CANARIOS<\/strong><\/em> is committed to making its websites accessible, in accordance with Royal Decree 1112\/2018 of 7 September on accessibility of public sector websites and mobile applications, transposing Directive (EU) 2016\/2102 of the European Parliament and of the Council.<\/p>\n<p>&nbsp;<\/p>\n<p>This accessibility statement applies to the institutional portal <a href=\"https:\/\/theqbox.es\/en\/\">https:\/\/theqbox.es<\/a><\/p>\n<p>&nbsp;<\/p>\n<p><strong>Compliance status<\/strong><\/p>\n<p>This website is partially compliant with RD 1112\/2018 due to the non-compliance of the following aspects.<\/p>\n<p>&nbsp;<\/p>\n<p><strong>Content not accessible<\/strong><\/p>\n<p>The content below is not accessible for the following reasons:<\/p>\n<p>1. Non-compliance with RD 1112\/2018<\/p>\n<ul>\n<li>There is content on the portal in English whose language is not correctly labelled. [requisito n\u00famero 9.3.1.2 Idioma de las partes de UNE-EN 301549:2019].<\/li>\n<li>There are form fields that request information about the user and the purpose of the input is not being identified. [requisito n\u00famero 9.1.3.5 Identificaci\u00f3n del prop\u00f3sito de la entrada de UNE-EN 301549:2019].<\/li>\n<li>There are form fields or buttons where the visible text that acts as their label is not part of their accessible name. [requisito n\u00famero 9.2.5.3 Inclusi\u00f3n de la etiqueta en el nombre de UNE-EN 301549:2019].<\/li>\n<li>There are status messages that are not identified by software so that they cannot be transmitted to users without the need to receive the focus. [requisito n\u00famero 9.4.1.3 Mensajes de estado de UNE-EN 301549:2019]<\/li>\n<li>There may be occasional editing errors on some web pages.<\/li>\n<\/ul>\n<p>2. Disproportionate burden<\/p>\n<ul>\n<li>Not applicable.<\/li>\n<\/ul>\n<p>3. The content does not fall within the scope of the applicable legislation.<\/p>\n<ul>\n<li>There may be office files in PDF or other formats published before 10 June 2020 that do not fully comply with all accessibility requirements. However, efforts have been made to ensure that most of them do comply.<\/li>\n<\/ul>\n<p>&nbsp;<\/p>\n<p><strong>Preparation of this declaration<\/strong><\/p>\n<p>This statement was prepared on 16 July 2020. The method used to prepare the declaration was a self-assessment carried out by the agency itself.<\/p>\n<p>Last revision of the declaration: 16 July 2021.<\/p>\n<p>&nbsp;<\/p>\n<p><strong>Remarks and contact details<\/strong><\/p>\n<p>If you notice that any content on this website is not accessible or if you have any questions regarding the accessibility of this website, please contact us:<\/p>\n<ul>\n<li>Telematically, through our website, https:\/\/theqbox.es\/.<\/li>\n<li>In person at Calle San Francisco, La Orotava, 38300, Santa Cruz de Tenerife.<\/li>\n<li>By e-mail to fernando@casa-balcones.com<\/li>\n<\/ul>\n<p>&nbsp;<\/p>\n<p><strong>Application procedure<\/strong><\/p>\n<p><a href=\"https:\/\/www.boe.es\/diario_boe\/txt.php?id=BOE-A-2018-12699\">In this link<\/a>you will find the complaint procedure set out in article 13 of RD 1112\/2018.<\/p>\n<p>&nbsp;<\/p>\n<p><strong>Optional Content<\/strong><\/p>\n<p>The website is optimised for M.S. Internet Explorer 8.0 and above and the latest versions of FireFox, Safari, Opera and Google Chrome. The minimum recommended web resolution is 1280\u00d71024.<\/p>\n<p>This website is designed for Responsive viewing, so it is optimally displayed on tablet and mobile devices. On these devices it is optimised for viewing on the latest versions of Chrome for mobile, Firefox for mobile, Safari mobile, Opera Mini and Android&#8217;s native browser.[\/vc_column_text][\/vc_column][\/vc_row][vc_row css_animation=&#8221;&#8221; row_type=&#8221;row&#8221; use_row_as_full_screen_section=&#8221;no&#8221; type=&#8221;full_width&#8221; angled_section=&#8221;no&#8221; text_align=&#8221;left&#8221; background_image_as_pattern=&#8221;without_pattern&#8221;][vc_column][vc_empty_space height=&#8221;100px&#8221;][\/vc_column][\/vc_row]<\/p>\n<\/section>","protected":false},"excerpt":{"rendered":"<p>[vc_row css_animation=&#8221;&#8221; row_type=&#8221;row&#8221; use_row_as_full_screen_section=&#8221;no&#8221; type=&#8221;full_width&#8221; angled_section=&#8221;no&#8221; text_align=&#8221;left&#8221; background_image_as_pattern=&#8221;without_pattern&#8221; css=&#8221;.vc_custom_1693991690877{background-color: #efe6d9 !important;}&#8221; z_index=&#8221;&#8221;][vc_column width=&#8221;1\/12&#8243;][\/vc_column][vc_column width=&#8221;10\/12&#8243;][vc_empty_space height=&#8221;80px&#8221;][vc_column_text] Accessibility policy. [\/vc_column_text][vc_empty_space height=&#8221;100px&#8221;][\/vc_column][vc_column width=&#8221;1\/12&#8243;][\/vc_column][\/vc_row][vc_row css_animation=&#8221;&#8221; row_type=&#8221;row&#8221; use_row_as_full_screen_section=&#8221;no&#8221; type=&#8221;full_width&#8221; angled_section=&#8221;no&#8221; text_align=&#8221;left&#8221; background_image_as_pattern=&#8221;without_pattern&#8221;][vc_column][vc_empty_space height=&#8221;50px&#8221;][\/vc_column][\/vc_row][vc_row css_animation=&#8221;&#8221; row_type=&#8221;row&#8221; use_row_as_full_screen_section=&#8221;no&#8221; type=&#8221;grid&#8221; angled_section=&#8221;no&#8221; text_align=&#8221;left&#8221; background_image_as_pattern=&#8221;without_pattern&#8221; z_index=&#8221;&#8221;][vc_column][vc_column_text]TIENDAS Y MUSEOS CANARIOS is committed to making its websites&#8230;<\/p>\n","protected":false},"author":1,"featured_media":0,"parent":0,"menu_order":0,"comment_status":"closed","ping_status":"closed","template":"full_width.php","meta":{"footnotes":""},"class_list":["post-1209","page","type-page","status-publish","hentry"],"yoast_head":"<!-- This site is optimized with the Yoast SEO plugin v23.1 - https:\/\/yoast.com\/wordpress\/plugins\/seo\/ -->\n<title>Accessibility policy - The Qbox<\/title>\n<meta name=\"robots\" content=\"index, follow, max-snippet:-1, max-image-preview:large, max-video-preview:-1\" \/>\n<link rel=\"canonical\" href=\"https:\/\/theqbox.es\/en\/accessibility-policy\/\" \/>\n<meta property=\"og:locale\" content=\"en_US\" \/>\n<meta property=\"og:type\" content=\"article\" \/>\n<meta property=\"og:title\" content=\"Accessibility policy - The Qbox\" \/>\n<meta property=\"og:description\" content=\"[vc_row css_animation=&#8221;&#8221; row_type=&#8221;row&#8221; use_row_as_full_screen_section=&#8221;no&#8221; type=&#8221;full_width&#8221; angled_section=&#8221;no&#8221; text_align=&#8221;left&#8221; background_image_as_pattern=&#8221;without_pattern&#8221; css=&#8221;.vc_custom_1693991690877{background-color: #efe6d9 !important;}&#8221; z_index=&#8221;&#8221;][vc_column width=&#8221;1\/12&#8243;][\/vc_column][vc_column width=&#8221;10\/12&#8243;][vc_empty_space height=&#8221;80px&#8221;][vc_column_text] Accessibility policy. [\/vc_column_text][vc_empty_space height=&#8221;100px&#8221;][\/vc_column][vc_column width=&#8221;1\/12&#8243;][\/vc_column][\/vc_row][vc_row css_animation=&#8221;&#8221; row_type=&#8221;row&#8221; use_row_as_full_screen_section=&#8221;no&#8221; type=&#8221;full_width&#8221; angled_section=&#8221;no&#8221; text_align=&#8221;left&#8221; background_image_as_pattern=&#8221;without_pattern&#8221;][vc_column][vc_empty_space height=&#8221;50px&#8221;][\/vc_column][\/vc_row][vc_row css_animation=&#8221;&#8221; row_type=&#8221;row&#8221; use_row_as_full_screen_section=&#8221;no&#8221; type=&#8221;grid&#8221; angled_section=&#8221;no&#8221; text_align=&#8221;left&#8221; background_image_as_pattern=&#8221;without_pattern&#8221; z_index=&#8221;&#8221;][vc_column][vc_column_text]TIENDAS Y MUSEOS CANARIOS is committed to making its websites...\" \/>\n<meta property=\"og:url\" content=\"https:\/\/theqbox.es\/en\/accessibility-policy\/\" \/>\n<meta property=\"og:site_name\" content=\"The Qbox\" \/>\n<meta property=\"article:modified_time\" content=\"2023-10-02T13:38:01+00:00\" \/>\n<meta name=\"twitter:card\" content=\"summary_large_image\" \/>\n<meta name=\"twitter:label1\" content=\"Est. reading time\" \/>\n\t<meta name=\"twitter:data1\" content=\"3 minutes\" \/>\n<script type=\"application\/ld+json\" class=\"yoast-schema-graph\">{\"@context\":\"https:\/\/schema.org\",\"@graph\":[{\"@type\":\"WebPage\",\"@id\":\"https:\/\/theqbox.es\/en\/accessibility-policy\/\",\"url\":\"https:\/\/theqbox.es\/en\/accessibility-policy\/\",\"name\":\"Accessibility policy - The Qbox\",\"isPartOf\":{\"@id\":\"https:\/\/theqbox.es\/en\/#website\"},\"datePublished\":\"2023-09-07T10:30:36+00:00\",\"dateModified\":\"2023-10-02T13:38:01+00:00\",\"breadcrumb\":{\"@id\":\"https:\/\/theqbox.es\/en\/accessibility-policy\/#breadcrumb\"},\"inLanguage\":\"en-US\",\"potentialAction\":[{\"@type\":\"ReadAction\",\"target\":[\"https:\/\/theqbox.es\/en\/accessibility-policy\/\"]}]},{\"@type\":\"BreadcrumbList\",\"@id\":\"https:\/\/theqbox.es\/en\/accessibility-policy\/#breadcrumb\",\"itemListElement\":[{\"@type\":\"ListItem\",\"position\":1,\"name\":\"Inicio\",\"item\":\"https:\/\/theqbox.es\/en\/\"},{\"@type\":\"ListItem\",\"position\":2,\"name\":\"Accessibility policy\"}]},{\"@type\":\"WebSite\",\"@id\":\"https:\/\/theqbox.es\/en\/#website\",\"url\":\"https:\/\/theqbox.es\/en\/\",\"name\":\"The Qbox\",\"description\":\"My WordPress Blog\",\"publisher\":{\"@id\":\"https:\/\/theqbox.es\/en\/#organization\"},\"potentialAction\":[{\"@type\":\"SearchAction\",\"target\":{\"@type\":\"EntryPoint\",\"urlTemplate\":\"https:\/\/theqbox.es\/en\/?s={search_term_string}\"},\"query-input\":\"required name=search_term_string\"}],\"inLanguage\":\"en-US\"},{\"@type\":\"Organization\",\"@id\":\"https:\/\/theqbox.es\/en\/#organization\",\"name\":\"The Qbox\",\"url\":\"https:\/\/theqbox.es\/en\/\",\"logo\":{\"@type\":\"ImageObject\",\"inLanguage\":\"en-US\",\"@id\":\"https:\/\/theqbox.es\/en\/#\/schema\/logo\/image\/\",\"url\":\"https:\/\/theqbox.es\/wp-content\/uploads\/2023\/09\/TheQbox-logo.svg\",\"contentUrl\":\"https:\/\/theqbox.es\/wp-content\/uploads\/2023\/09\/TheQbox-logo.svg\",\"width\":1,\"height\":1,\"caption\":\"The Qbox\"},\"image\":{\"@id\":\"https:\/\/theqbox.es\/en\/#\/schema\/logo\/image\/\"}}]}<\/script>\n<!-- \/ Yoast SEO plugin. -->","yoast_head_json":{"title":"Accessibility policy - The Qbox","robots":{"index":"index","follow":"follow","max-snippet":"max-snippet:-1","max-image-preview":"max-image-preview:large","max-video-preview":"max-video-preview:-1"},"canonical":"https:\/\/theqbox.es\/en\/accessibility-policy\/","og_locale":"en_US","og_type":"article","og_title":"Accessibility policy - The Qbox","og_description":"[vc_row css_animation=&#8221;&#8221; row_type=&#8221;row&#8221; use_row_as_full_screen_section=&#8221;no&#8221; type=&#8221;full_width&#8221; angled_section=&#8221;no&#8221; text_align=&#8221;left&#8221; background_image_as_pattern=&#8221;without_pattern&#8221; css=&#8221;.vc_custom_1693991690877{background-color: #efe6d9 !important;}&#8221; z_index=&#8221;&#8221;][vc_column width=&#8221;1\/12&#8243;][\/vc_column][vc_column width=&#8221;10\/12&#8243;][vc_empty_space height=&#8221;80px&#8221;][vc_column_text] Accessibility policy. [\/vc_column_text][vc_empty_space height=&#8221;100px&#8221;][\/vc_column][vc_column width=&#8221;1\/12&#8243;][\/vc_column][\/vc_row][vc_row css_animation=&#8221;&#8221; row_type=&#8221;row&#8221; use_row_as_full_screen_section=&#8221;no&#8221; type=&#8221;full_width&#8221; angled_section=&#8221;no&#8221; text_align=&#8221;left&#8221; background_image_as_pattern=&#8221;without_pattern&#8221;][vc_column][vc_empty_space height=&#8221;50px&#8221;][\/vc_column][\/vc_row][vc_row css_animation=&#8221;&#8221; row_type=&#8221;row&#8221; use_row_as_full_screen_section=&#8221;no&#8221; type=&#8221;grid&#8221; angled_section=&#8221;no&#8221; text_align=&#8221;left&#8221; background_image_as_pattern=&#8221;without_pattern&#8221; z_index=&#8221;&#8221;][vc_column][vc_column_text]TIENDAS Y MUSEOS CANARIOS is committed to making its websites...","og_url":"https:\/\/theqbox.es\/en\/accessibility-policy\/","og_site_name":"The Qbox","article_modified_time":"2023-10-02T13:38:01+00:00","twitter_card":"summary_large_image","twitter_misc":{"Est. reading time":"3 minutes"},"schema":{"@context":"https:\/\/schema.org","@graph":[{"@type":"WebPage","@id":"https:\/\/theqbox.es\/en\/accessibility-policy\/","url":"https:\/\/theqbox.es\/en\/accessibility-policy\/","name":"Accessibility policy - The Qbox","isPartOf":{"@id":"https:\/\/theqbox.es\/en\/#website"},"datePublished":"2023-09-07T10:30:36+00:00","dateModified":"2023-10-02T13:38:01+00:00","breadcrumb":{"@id":"https:\/\/theqbox.es\/en\/accessibility-policy\/#breadcrumb"},"inLanguage":"en-US","potentialAction":[{"@type":"ReadAction","target":["https:\/\/theqbox.es\/en\/accessibility-policy\/"]}]},{"@type":"BreadcrumbList","@id":"https:\/\/theqbox.es\/en\/accessibility-policy\/#breadcrumb","itemListElement":[{"@type":"ListItem","position":1,"name":"Inicio","item":"https:\/\/theqbox.es\/en\/"},{"@type":"ListItem","position":2,"name":"Accessibility policy"}]},{"@type":"WebSite","@id":"https:\/\/theqbox.es\/en\/#website","url":"https:\/\/theqbox.es\/en\/","name":"The Qbox","description":"My WordPress Blog","publisher":{"@id":"https:\/\/theqbox.es\/en\/#organization"},"potentialAction":[{"@type":"SearchAction","target":{"@type":"EntryPoint","urlTemplate":"https:\/\/theqbox.es\/en\/?s={search_term_string}"},"query-input":"required name=search_term_string"}],"inLanguage":"en-US"},{"@type":"Organization","@id":"https:\/\/theqbox.es\/en\/#organization","name":"The Qbox","url":"https:\/\/theqbox.es\/en\/","logo":{"@type":"ImageObject","inLanguage":"en-US","@id":"https:\/\/theqbox.es\/en\/#\/schema\/logo\/image\/","url":"https:\/\/theqbox.es\/wp-content\/uploads\/2023\/09\/TheQbox-logo.svg","contentUrl":"https:\/\/theqbox.es\/wp-content\/uploads\/2023\/09\/TheQbox-logo.svg","width":1,"height":1,"caption":"The Qbox"},"image":{"@id":"https:\/\/theqbox.es\/en\/#\/schema\/logo\/image\/"}}]}},"_links":{"self":[{"href":"https:\/\/theqbox.es\/en\/wp-json\/wp\/v2\/pages\/1209","targetHints":{"allow":["GET"]}}],"collection":[{"href":"https:\/\/theqbox.es\/en\/wp-json\/wp\/v2\/pages"}],"about":[{"href":"https:\/\/theqbox.es\/en\/wp-json\/wp\/v2\/types\/page"}],"author":[{"embeddable":true,"href":"https:\/\/theqbox.es\/en\/wp-json\/wp\/v2\/users\/1"}],"replies":[{"embeddable":true,"href":"https:\/\/theqbox.es\/en\/wp-json\/wp\/v2\/comments?post=1209"}],"version-history":[{"count":2,"href":"https:\/\/theqbox.es\/en\/wp-json\/wp\/v2\/pages\/1209\/revisions"}],"predecessor-version":[{"id":1211,"href":"https:\/\/theqbox.es\/en\/wp-json\/wp\/v2\/pages\/1209\/revisions\/1211"}],"wp:attachment":[{"href":"https:\/\/theqbox.es\/en\/wp-json\/wp\/v2\/media?parent=1209"}],"curies":[{"name":"wp","href":"https:\/\/api.w.org\/{rel}","templated":true}]}}