{"id":891,"date":"2023-09-06T11:22:35","date_gmt":"2023-09-06T11:22:35","guid":{"rendered":"https:\/\/theqbox.es\/producto\/anti-aging-gesichtscreme-aloehagebutteschneckensekret\/"},"modified":"2023-09-22T08:05:05","modified_gmt":"2023-09-22T08:05:05","slug":"crema-facial-antiedad","status":"publish","type":"product","link":"https:\/\/theqbox.es\/de\/producto\/crema-facial-antiedad\/","title":{"rendered":"Anti-Aging Gesichtscreme Aloe+Hagebutte+Schneckensekret"},"content":{"rendered":"","protected":false},"excerpt":{"rendered":"<p>Die Anti-Aging Gesichtscreme auf Basis von Aloe Vera, Schneckensekret und Wildrosen\u00f6l hilft, die Hautalterung zu bek\u00e4mpfen und erzielt einen regenerierenden Effekt f\u00fcr 24 Stunden. Zudem enth\u00c3\u00a4lt sie Kollagen, das dazu beitr\u00c3\u00a4gt, das jugendliche Erscheinungsbild der Haut zu erhalten, sowie Sonnenschutz gegen sch\u00c3\u00a4dliche UV-Strahlen.<\/p>\n","protected":false},"featured_media":886,"comment_status":"closed","ping_status":"closed","template":"","meta":[],"product_cat":[38],"product_tag":[],"class_list":{"0":"post-891","1":"product","2":"type-product","3":"status-publish","4":"has-post-thumbnail","6":"product_cat-kosmetika","8":"first","9":"outofstock","10":"featured","11":"shipping-taxable","12":"product-type-simple"},"yoast_head":"<!-- This site is optimized with the Yoast SEO plugin v23.1 - https:\/\/yoast.com\/wordpress\/plugins\/seo\/ -->\n<title>Anti-Aging Gesichtscreme Aloe+Hagebutte+Schneckensekret - The Qbox<\/title>\n<meta name=\"robots\" content=\"index, follow, max-snippet:-1, max-image-preview:large, max-video-preview:-1\" \/>\n<link rel=\"canonical\" href=\"https:\/\/theqbox.es\/de\/producto\/crema-facial-antiedad\/\" \/>\n<meta property=\"og:locale\" content=\"de_DE\" \/>\n<meta property=\"og:type\" content=\"article\" \/>\n<meta property=\"og:title\" content=\"Anti-Aging Gesichtscreme Aloe+Hagebutte+Schneckensekret - The Qbox\" \/>\n<meta property=\"og:description\" content=\"Die Anti-Aging Gesichtscreme auf Basis von Aloe Vera, Schneckensekret und Wildrosen\u00f6l hilft, die Hautalterung zu bek\u00e4mpfen und erzielt einen regenerierenden Effekt f\u00fcr 24 Stunden. Zudem enth\u00c3\u00a4lt sie Kollagen, das dazu beitr\u00c3\u00a4gt, das jugendliche Erscheinungsbild der Haut zu erhalten, sowie Sonnenschutz gegen sch\u00c3\u00a4dliche UV-Strahlen.\" \/>\n<meta property=\"og:url\" content=\"https:\/\/theqbox.es\/de\/producto\/crema-facial-antiedad\/\" \/>\n<meta property=\"og:site_name\" content=\"The Qbox\" \/>\n<meta property=\"article:modified_time\" content=\"2023-09-22T08:05:05+00:00\" \/>\n<meta property=\"og:image\" content=\"https:\/\/theqbox.es\/wp-content\/uploads\/2023\/09\/718SaCt1OZL._AC_SX679_.jpg\" \/>\n\t<meta property=\"og:image:width\" content=\"679\" \/>\n\t<meta property=\"og:image:height\" content=\"552\" \/>\n\t<meta property=\"og:image:type\" content=\"image\/jpeg\" \/>\n<meta name=\"twitter:card\" content=\"summary_large_image\" \/>\n<script type=\"application\/ld+json\" class=\"yoast-schema-graph\">{\"@context\":\"https:\/\/schema.org\",\"@graph\":[{\"@type\":\"WebPage\",\"@id\":\"https:\/\/theqbox.es\/de\/producto\/crema-facial-antiedad\/\",\"url\":\"https:\/\/theqbox.es\/de\/producto\/crema-facial-antiedad\/\",\"name\":\"Anti-Aging Gesichtscreme Aloe+Hagebutte+Schneckensekret - The Qbox\",\"isPartOf\":{\"@id\":\"https:\/\/theqbox.es\/de\/#website\"},\"primaryImageOfPage\":{\"@id\":\"https:\/\/theqbox.es\/de\/producto\/crema-facial-antiedad\/#primaryimage\"},\"image\":{\"@id\":\"https:\/\/theqbox.es\/de\/producto\/crema-facial-antiedad\/#primaryimage\"},\"thumbnailUrl\":\"https:\/\/theqbox.es\/wp-content\/uploads\/2023\/09\/718SaCt1OZL._AC_SX679_.jpg\",\"datePublished\":\"2023-09-06T11:22:35+00:00\",\"dateModified\":\"2023-09-22T08:05:05+00:00\",\"breadcrumb\":{\"@id\":\"https:\/\/theqbox.es\/de\/producto\/crema-facial-antiedad\/#breadcrumb\"},\"inLanguage\":\"de\",\"potentialAction\":[{\"@type\":\"ReadAction\",\"target\":[\"https:\/\/theqbox.es\/de\/producto\/crema-facial-antiedad\/\"]}]},{\"@type\":\"ImageObject\",\"inLanguage\":\"de\",\"@id\":\"https:\/\/theqbox.es\/de\/producto\/crema-facial-antiedad\/#primaryimage\",\"url\":\"https:\/\/theqbox.es\/wp-content\/uploads\/2023\/09\/718SaCt1OZL._AC_SX679_.jpg\",\"contentUrl\":\"https:\/\/theqbox.es\/wp-content\/uploads\/2023\/09\/718SaCt1OZL._AC_SX679_.jpg\",\"width\":679,\"height\":552},{\"@type\":\"BreadcrumbList\",\"@id\":\"https:\/\/theqbox.es\/de\/producto\/crema-facial-antiedad\/#breadcrumb\",\"itemListElement\":[{\"@type\":\"ListItem\",\"position\":1,\"name\":\"Inicio\",\"item\":\"https:\/\/theqbox.es\/de\/\"},{\"@type\":\"ListItem\",\"position\":2,\"name\":\"Produkte\",\"item\":\"https:\/\/theqbox.es\/de\/shop\/\"},{\"@type\":\"ListItem\",\"position\":3,\"name\":\"Kosmetika\",\"item\":\"https:\/\/theqbox.es\/de\/categoria-producto\/kosmetika\/\"},{\"@type\":\"ListItem\",\"position\":4,\"name\":\"Anti-Aging Gesichtscreme Aloe+Hagebutte+Schneckensekret\"}]},{\"@type\":\"WebSite\",\"@id\":\"https:\/\/theqbox.es\/de\/#website\",\"url\":\"https:\/\/theqbox.es\/de\/\",\"name\":\"The Qbox\",\"description\":\"My WordPress Blog\",\"publisher\":{\"@id\":\"https:\/\/theqbox.es\/de\/#organization\"},\"potentialAction\":[{\"@type\":\"SearchAction\",\"target\":{\"@type\":\"EntryPoint\",\"urlTemplate\":\"https:\/\/theqbox.es\/de\/?s={search_term_string}\"},\"query-input\":\"required name=search_term_string\"}],\"inLanguage\":\"de\"},{\"@type\":\"Organization\",\"@id\":\"https:\/\/theqbox.es\/de\/#organization\",\"name\":\"The Qbox\",\"url\":\"https:\/\/theqbox.es\/de\/\",\"logo\":{\"@type\":\"ImageObject\",\"inLanguage\":\"de\",\"@id\":\"https:\/\/theqbox.es\/de\/#\/schema\/logo\/image\/\",\"url\":\"https:\/\/theqbox.es\/wp-content\/uploads\/2023\/09\/TheQbox-logo.svg\",\"contentUrl\":\"https:\/\/theqbox.es\/wp-content\/uploads\/2023\/09\/TheQbox-logo.svg\",\"width\":1,\"height\":1,\"caption\":\"The Qbox\"},\"image\":{\"@id\":\"https:\/\/theqbox.es\/de\/#\/schema\/logo\/image\/\"}}]}<\/script>\n<!-- \/ Yoast SEO plugin. -->","yoast_head_json":{"title":"Anti-Aging Gesichtscreme Aloe+Hagebutte+Schneckensekret - The Qbox","robots":{"index":"index","follow":"follow","max-snippet":"max-snippet:-1","max-image-preview":"max-image-preview:large","max-video-preview":"max-video-preview:-1"},"canonical":"https:\/\/theqbox.es\/de\/producto\/crema-facial-antiedad\/","og_locale":"de_DE","og_type":"article","og_title":"Anti-Aging Gesichtscreme Aloe+Hagebutte+Schneckensekret - The Qbox","og_description":"Die Anti-Aging Gesichtscreme auf Basis von Aloe Vera, Schneckensekret und Wildrosen\u00f6l hilft, die Hautalterung zu bek\u00e4mpfen und erzielt einen regenerierenden Effekt f\u00fcr 24 Stunden. Zudem enth\u00c3\u00a4lt sie Kollagen, das dazu beitr\u00c3\u00a4gt, das jugendliche Erscheinungsbild der Haut zu erhalten, sowie Sonnenschutz gegen sch\u00c3\u00a4dliche UV-Strahlen.","og_url":"https:\/\/theqbox.es\/de\/producto\/crema-facial-antiedad\/","og_site_name":"The Qbox","article_modified_time":"2023-09-22T08:05:05+00:00","og_image":[{"width":679,"height":552,"url":"https:\/\/theqbox.es\/wp-content\/uploads\/2023\/09\/718SaCt1OZL._AC_SX679_.jpg","type":"image\/jpeg"}],"twitter_card":"summary_large_image","schema":{"@context":"https:\/\/schema.org","@graph":[{"@type":"WebPage","@id":"https:\/\/theqbox.es\/de\/producto\/crema-facial-antiedad\/","url":"https:\/\/theqbox.es\/de\/producto\/crema-facial-antiedad\/","name":"Anti-Aging Gesichtscreme Aloe+Hagebutte+Schneckensekret - The Qbox","isPartOf":{"@id":"https:\/\/theqbox.es\/de\/#website"},"primaryImageOfPage":{"@id":"https:\/\/theqbox.es\/de\/producto\/crema-facial-antiedad\/#primaryimage"},"image":{"@id":"https:\/\/theqbox.es\/de\/producto\/crema-facial-antiedad\/#primaryimage"},"thumbnailUrl":"https:\/\/theqbox.es\/wp-content\/uploads\/2023\/09\/718SaCt1OZL._AC_SX679_.jpg","datePublished":"2023-09-06T11:22:35+00:00","dateModified":"2023-09-22T08:05:05+00:00","breadcrumb":{"@id":"https:\/\/theqbox.es\/de\/producto\/crema-facial-antiedad\/#breadcrumb"},"inLanguage":"de","potentialAction":[{"@type":"ReadAction","target":["https:\/\/theqbox.es\/de\/producto\/crema-facial-antiedad\/"]}]},{"@type":"ImageObject","inLanguage":"de","@id":"https:\/\/theqbox.es\/de\/producto\/crema-facial-antiedad\/#primaryimage","url":"https:\/\/theqbox.es\/wp-content\/uploads\/2023\/09\/718SaCt1OZL._AC_SX679_.jpg","contentUrl":"https:\/\/theqbox.es\/wp-content\/uploads\/2023\/09\/718SaCt1OZL._AC_SX679_.jpg","width":679,"height":552},{"@type":"BreadcrumbList","@id":"https:\/\/theqbox.es\/de\/producto\/crema-facial-antiedad\/#breadcrumb","itemListElement":[{"@type":"ListItem","position":1,"name":"Inicio","item":"https:\/\/theqbox.es\/de\/"},{"@type":"ListItem","position":2,"name":"Produkte","item":"https:\/\/theqbox.es\/de\/shop\/"},{"@type":"ListItem","position":3,"name":"Kosmetika","item":"https:\/\/theqbox.es\/de\/categoria-producto\/kosmetika\/"},{"@type":"ListItem","position":4,"name":"Anti-Aging Gesichtscreme Aloe+Hagebutte+Schneckensekret"}]},{"@type":"WebSite","@id":"https:\/\/theqbox.es\/de\/#website","url":"https:\/\/theqbox.es\/de\/","name":"The Qbox","description":"My WordPress Blog","publisher":{"@id":"https:\/\/theqbox.es\/de\/#organization"},"potentialAction":[{"@type":"SearchAction","target":{"@type":"EntryPoint","urlTemplate":"https:\/\/theqbox.es\/de\/?s={search_term_string}"},"query-input":"required name=search_term_string"}],"inLanguage":"de"},{"@type":"Organization","@id":"https:\/\/theqbox.es\/de\/#organization","name":"The Qbox","url":"https:\/\/theqbox.es\/de\/","logo":{"@type":"ImageObject","inLanguage":"de","@id":"https:\/\/theqbox.es\/de\/#\/schema\/logo\/image\/","url":"https:\/\/theqbox.es\/wp-content\/uploads\/2023\/09\/TheQbox-logo.svg","contentUrl":"https:\/\/theqbox.es\/wp-content\/uploads\/2023\/09\/TheQbox-logo.svg","width":1,"height":1,"caption":"The Qbox"},"image":{"@id":"https:\/\/theqbox.es\/de\/#\/schema\/logo\/image\/"}}]}},"_links":{"self":[{"href":"https:\/\/theqbox.es\/de\/wp-json\/wp\/v2\/product\/891","targetHints":{"allow":["GET"]}}],"collection":[{"href":"https:\/\/theqbox.es\/de\/wp-json\/wp\/v2\/product"}],"about":[{"href":"https:\/\/theqbox.es\/de\/wp-json\/wp\/v2\/types\/product"}],"replies":[{"embeddable":true,"href":"https:\/\/theqbox.es\/de\/wp-json\/wp\/v2\/comments?post=891"}],"wp:featuredmedia":[{"embeddable":true,"href":"https:\/\/theqbox.es\/de\/wp-json\/wp\/v2\/media\/886"}],"wp:attachment":[{"href":"https:\/\/theqbox.es\/de\/wp-json\/wp\/v2\/media?parent=891"}],"wp:term":[{"taxonomy":"product_cat","embeddable":true,"href":"https:\/\/theqbox.es\/de\/wp-json\/wp\/v2\/product_cat?post=891"},{"taxonomy":"product_tag","embeddable":true,"href":"https:\/\/theqbox.es\/de\/wp-json\/wp\/v2\/product_tag?post=891"}],"curies":[{"name":"wp","href":"https:\/\/api.w.org\/{rel}","templated":true}]}}