{"id":842,"date":"2023-09-08T14:17:07","date_gmt":"2023-09-08T14:17:07","guid":{"rendered":"https:\/\/theqbox.es\/producto\/weiss-sensation-flor-de-chasna-75cl\/"},"modified":"2024-07-02T10:58:44","modified_gmt":"2024-07-02T10:58:44","slug":"flor-de-chasna-blanco-sensac-75cl","status":"publish","type":"product","link":"https:\/\/theqbox.es\/de\/producto\/flor-de-chasna-blanco-sensac-75cl\/","title":{"rendered":"Wei\u00df Sensation, Flor de Chasna 75cl"},"content":{"rendered":"","protected":false},"excerpt":{"rendered":"<p>Der halbtrockene Flor de Chasna Blanco ist ein junger und frischer Wein. Er hat eine wei\u00dfe Farbe mit gr\u00fcnen und silbernen Schattierungen. In der Nase hat er ein sehr intensives Aroma, das an tropische Fr\u00fcchte wie Passionsfrucht oder Pfirsich erinnert. Im Mund ist er elegant, frisch und mit einem perfekten Gleichgewicht zwischen seiner S\u00e4ure und dem Zucker, was einen Wein von ausgezeichneter Qualit\u00e4t ergibt. Dieser Wein sollte gek\u00fchlt bei 8\u00baC getrunken werden.<\/p>\n","protected":false},"featured_media":738,"comment_status":"open","ping_status":"closed","template":"","meta":[],"product_cat":[36],"product_tag":[],"class_list":{"0":"post-842","1":"product","2":"type-product","3":"status-publish","4":"has-post-thumbnail","6":"product_cat-weine-und-spirituosen","8":"first","9":"outofstock","10":"shipping-taxable","11":"product-type-simple"},"yoast_head":"<!-- This site is optimized with the Yoast SEO plugin v23.1 - https:\/\/yoast.com\/wordpress\/plugins\/seo\/ -->\n<title>Wei\u00df Sensation, Flor de Chasna 75cl - The Qbox<\/title>\n<meta name=\"robots\" content=\"index, follow, max-snippet:-1, max-image-preview:large, max-video-preview:-1\" \/>\n<link rel=\"canonical\" href=\"https:\/\/theqbox.es\/de\/producto\/flor-de-chasna-blanco-sensac-75cl\/\" \/>\n<meta property=\"og:locale\" content=\"de_DE\" \/>\n<meta property=\"og:type\" content=\"article\" \/>\n<meta property=\"og:title\" content=\"Wei\u00df Sensation, Flor de Chasna 75cl - The Qbox\" \/>\n<meta property=\"og:description\" content=\"Der halbtrockene Flor de Chasna Blanco ist ein junger und frischer Wein. Er hat eine wei\u00dfe Farbe mit gr\u00fcnen und silbernen Schattierungen. In der Nase hat er ein sehr intensives Aroma, das an tropische Fr\u00fcchte wie Passionsfrucht oder Pfirsich erinnert. Im Mund ist er elegant, frisch und mit einem perfekten Gleichgewicht zwischen seiner S\u00e4ure und dem Zucker, was einen Wein von ausgezeichneter Qualit\u00e4t ergibt. Dieser Wein sollte gek\u00fchlt bei 8\u00baC getrunken werden.\" \/>\n<meta property=\"og:url\" content=\"https:\/\/theqbox.es\/de\/producto\/flor-de-chasna-blanco-sensac-75cl\/\" \/>\n<meta property=\"og:site_name\" content=\"The Qbox\" \/>\n<meta property=\"article:modified_time\" content=\"2024-07-02T10:58:44+00:00\" \/>\n<meta property=\"og:image\" content=\"https:\/\/theqbox.es\/wp-content\/uploads\/2023\/09\/FLOR-DE-CHASNA-Blanco-Sensacion-75-cl_.png\" \/>\n\t<meta property=\"og:image:width\" content=\"800\" \/>\n\t<meta property=\"og:image:height\" content=\"800\" \/>\n\t<meta property=\"og:image:type\" content=\"image\/png\" \/>\n<meta name=\"twitter:card\" content=\"summary_large_image\" \/>\n<script type=\"application\/ld+json\" class=\"yoast-schema-graph\">{\"@context\":\"https:\/\/schema.org\",\"@graph\":[{\"@type\":\"WebPage\",\"@id\":\"https:\/\/theqbox.es\/de\/producto\/flor-de-chasna-blanco-sensac-75cl\/\",\"url\":\"https:\/\/theqbox.es\/de\/producto\/flor-de-chasna-blanco-sensac-75cl\/\",\"name\":\"Wei\u00df Sensation, Flor de Chasna 75cl - The Qbox\",\"isPartOf\":{\"@id\":\"https:\/\/theqbox.es\/de\/#website\"},\"primaryImageOfPage\":{\"@id\":\"https:\/\/theqbox.es\/de\/producto\/flor-de-chasna-blanco-sensac-75cl\/#primaryimage\"},\"image\":{\"@id\":\"https:\/\/theqbox.es\/de\/producto\/flor-de-chasna-blanco-sensac-75cl\/#primaryimage\"},\"thumbnailUrl\":\"https:\/\/theqbox.es\/wp-content\/uploads\/2023\/09\/FLOR-DE-CHASNA-Blanco-Sensacion-75-cl_.png\",\"datePublished\":\"2023-09-08T14:17:07+00:00\",\"dateModified\":\"2024-07-02T10:58:44+00:00\",\"breadcrumb\":{\"@id\":\"https:\/\/theqbox.es\/de\/producto\/flor-de-chasna-blanco-sensac-75cl\/#breadcrumb\"},\"inLanguage\":\"de\",\"potentialAction\":[{\"@type\":\"ReadAction\",\"target\":[\"https:\/\/theqbox.es\/de\/producto\/flor-de-chasna-blanco-sensac-75cl\/\"]}]},{\"@type\":\"ImageObject\",\"inLanguage\":\"de\",\"@id\":\"https:\/\/theqbox.es\/de\/producto\/flor-de-chasna-blanco-sensac-75cl\/#primaryimage\",\"url\":\"https:\/\/theqbox.es\/wp-content\/uploads\/2023\/09\/FLOR-DE-CHASNA-Blanco-Sensacion-75-cl_.png\",\"contentUrl\":\"https:\/\/theqbox.es\/wp-content\/uploads\/2023\/09\/FLOR-DE-CHASNA-Blanco-Sensacion-75-cl_.png\",\"width\":800,\"height\":800},{\"@type\":\"BreadcrumbList\",\"@id\":\"https:\/\/theqbox.es\/de\/producto\/flor-de-chasna-blanco-sensac-75cl\/#breadcrumb\",\"itemListElement\":[{\"@type\":\"ListItem\",\"position\":1,\"name\":\"Inicio\",\"item\":\"https:\/\/theqbox.es\/de\/\"},{\"@type\":\"ListItem\",\"position\":2,\"name\":\"Produkte\",\"item\":\"https:\/\/theqbox.es\/de\/shop\/\"},{\"@type\":\"ListItem\",\"position\":3,\"name\":\"Weine und Spirituosen\",\"item\":\"https:\/\/theqbox.es\/de\/categoria-producto\/weine-und-spirituosen\/\"},{\"@type\":\"ListItem\",\"position\":4,\"name\":\"Wei\u00df Sensation, Flor de Chasna 75cl\"}]},{\"@type\":\"WebSite\",\"@id\":\"https:\/\/theqbox.es\/de\/#website\",\"url\":\"https:\/\/theqbox.es\/de\/\",\"name\":\"The Qbox\",\"description\":\"My WordPress Blog\",\"publisher\":{\"@id\":\"https:\/\/theqbox.es\/de\/#organization\"},\"potentialAction\":[{\"@type\":\"SearchAction\",\"target\":{\"@type\":\"EntryPoint\",\"urlTemplate\":\"https:\/\/theqbox.es\/de\/?s={search_term_string}\"},\"query-input\":\"required name=search_term_string\"}],\"inLanguage\":\"de\"},{\"@type\":\"Organization\",\"@id\":\"https:\/\/theqbox.es\/de\/#organization\",\"name\":\"The Qbox\",\"url\":\"https:\/\/theqbox.es\/de\/\",\"logo\":{\"@type\":\"ImageObject\",\"inLanguage\":\"de\",\"@id\":\"https:\/\/theqbox.es\/de\/#\/schema\/logo\/image\/\",\"url\":\"https:\/\/theqbox.es\/wp-content\/uploads\/2023\/09\/TheQbox-logo.svg\",\"contentUrl\":\"https:\/\/theqbox.es\/wp-content\/uploads\/2023\/09\/TheQbox-logo.svg\",\"width\":1,\"height\":1,\"caption\":\"The Qbox\"},\"image\":{\"@id\":\"https:\/\/theqbox.es\/de\/#\/schema\/logo\/image\/\"}}]}<\/script>\n<!-- \/ Yoast SEO plugin. -->","yoast_head_json":{"title":"Wei\u00df Sensation, Flor de Chasna 75cl - The Qbox","robots":{"index":"index","follow":"follow","max-snippet":"max-snippet:-1","max-image-preview":"max-image-preview:large","max-video-preview":"max-video-preview:-1"},"canonical":"https:\/\/theqbox.es\/de\/producto\/flor-de-chasna-blanco-sensac-75cl\/","og_locale":"de_DE","og_type":"article","og_title":"Wei\u00df Sensation, Flor de Chasna 75cl - The Qbox","og_description":"Der halbtrockene Flor de Chasna Blanco ist ein junger und frischer Wein. Er hat eine wei\u00dfe Farbe mit gr\u00fcnen und silbernen Schattierungen. In der Nase hat er ein sehr intensives Aroma, das an tropische Fr\u00fcchte wie Passionsfrucht oder Pfirsich erinnert. Im Mund ist er elegant, frisch und mit einem perfekten Gleichgewicht zwischen seiner S\u00e4ure und dem Zucker, was einen Wein von ausgezeichneter Qualit\u00e4t ergibt. Dieser Wein sollte gek\u00fchlt bei 8\u00baC getrunken werden.","og_url":"https:\/\/theqbox.es\/de\/producto\/flor-de-chasna-blanco-sensac-75cl\/","og_site_name":"The Qbox","article_modified_time":"2024-07-02T10:58:44+00:00","og_image":[{"width":800,"height":800,"url":"https:\/\/theqbox.es\/wp-content\/uploads\/2023\/09\/FLOR-DE-CHASNA-Blanco-Sensacion-75-cl_.png","type":"image\/png"}],"twitter_card":"summary_large_image","schema":{"@context":"https:\/\/schema.org","@graph":[{"@type":"WebPage","@id":"https:\/\/theqbox.es\/de\/producto\/flor-de-chasna-blanco-sensac-75cl\/","url":"https:\/\/theqbox.es\/de\/producto\/flor-de-chasna-blanco-sensac-75cl\/","name":"Wei\u00df Sensation, Flor de Chasna 75cl - The Qbox","isPartOf":{"@id":"https:\/\/theqbox.es\/de\/#website"},"primaryImageOfPage":{"@id":"https:\/\/theqbox.es\/de\/producto\/flor-de-chasna-blanco-sensac-75cl\/#primaryimage"},"image":{"@id":"https:\/\/theqbox.es\/de\/producto\/flor-de-chasna-blanco-sensac-75cl\/#primaryimage"},"thumbnailUrl":"https:\/\/theqbox.es\/wp-content\/uploads\/2023\/09\/FLOR-DE-CHASNA-Blanco-Sensacion-75-cl_.png","datePublished":"2023-09-08T14:17:07+00:00","dateModified":"2024-07-02T10:58:44+00:00","breadcrumb":{"@id":"https:\/\/theqbox.es\/de\/producto\/flor-de-chasna-blanco-sensac-75cl\/#breadcrumb"},"inLanguage":"de","potentialAction":[{"@type":"ReadAction","target":["https:\/\/theqbox.es\/de\/producto\/flor-de-chasna-blanco-sensac-75cl\/"]}]},{"@type":"ImageObject","inLanguage":"de","@id":"https:\/\/theqbox.es\/de\/producto\/flor-de-chasna-blanco-sensac-75cl\/#primaryimage","url":"https:\/\/theqbox.es\/wp-content\/uploads\/2023\/09\/FLOR-DE-CHASNA-Blanco-Sensacion-75-cl_.png","contentUrl":"https:\/\/theqbox.es\/wp-content\/uploads\/2023\/09\/FLOR-DE-CHASNA-Blanco-Sensacion-75-cl_.png","width":800,"height":800},{"@type":"BreadcrumbList","@id":"https:\/\/theqbox.es\/de\/producto\/flor-de-chasna-blanco-sensac-75cl\/#breadcrumb","itemListElement":[{"@type":"ListItem","position":1,"name":"Inicio","item":"https:\/\/theqbox.es\/de\/"},{"@type":"ListItem","position":2,"name":"Produkte","item":"https:\/\/theqbox.es\/de\/shop\/"},{"@type":"ListItem","position":3,"name":"Weine und Spirituosen","item":"https:\/\/theqbox.es\/de\/categoria-producto\/weine-und-spirituosen\/"},{"@type":"ListItem","position":4,"name":"Wei\u00df Sensation, Flor de Chasna 75cl"}]},{"@type":"WebSite","@id":"https:\/\/theqbox.es\/de\/#website","url":"https:\/\/theqbox.es\/de\/","name":"The Qbox","description":"My WordPress Blog","publisher":{"@id":"https:\/\/theqbox.es\/de\/#organization"},"potentialAction":[{"@type":"SearchAction","target":{"@type":"EntryPoint","urlTemplate":"https:\/\/theqbox.es\/de\/?s={search_term_string}"},"query-input":"required name=search_term_string"}],"inLanguage":"de"},{"@type":"Organization","@id":"https:\/\/theqbox.es\/de\/#organization","name":"The Qbox","url":"https:\/\/theqbox.es\/de\/","logo":{"@type":"ImageObject","inLanguage":"de","@id":"https:\/\/theqbox.es\/de\/#\/schema\/logo\/image\/","url":"https:\/\/theqbox.es\/wp-content\/uploads\/2023\/09\/TheQbox-logo.svg","contentUrl":"https:\/\/theqbox.es\/wp-content\/uploads\/2023\/09\/TheQbox-logo.svg","width":1,"height":1,"caption":"The Qbox"},"image":{"@id":"https:\/\/theqbox.es\/de\/#\/schema\/logo\/image\/"}}]}},"_links":{"self":[{"href":"https:\/\/theqbox.es\/de\/wp-json\/wp\/v2\/product\/842","targetHints":{"allow":["GET"]}}],"collection":[{"href":"https:\/\/theqbox.es\/de\/wp-json\/wp\/v2\/product"}],"about":[{"href":"https:\/\/theqbox.es\/de\/wp-json\/wp\/v2\/types\/product"}],"replies":[{"embeddable":true,"href":"https:\/\/theqbox.es\/de\/wp-json\/wp\/v2\/comments?post=842"}],"wp:featuredmedia":[{"embeddable":true,"href":"https:\/\/theqbox.es\/de\/wp-json\/wp\/v2\/media\/738"}],"wp:attachment":[{"href":"https:\/\/theqbox.es\/de\/wp-json\/wp\/v2\/media?parent=842"}],"wp:term":[{"taxonomy":"product_cat","embeddable":true,"href":"https:\/\/theqbox.es\/de\/wp-json\/wp\/v2\/product_cat?post=842"},{"taxonomy":"product_tag","embeddable":true,"href":"https:\/\/theqbox.es\/de\/wp-json\/wp\/v2\/product_tag?post=842"}],"curies":[{"name":"wp","href":"https:\/\/api.w.org\/{rel}","templated":true}]}}