{"id":809,"date":"2023-09-08T12:55:03","date_gmt":"2023-09-08T12:55:03","guid":{"rendered":"https:\/\/theqbox.es\/producto\/scharfe-rote-mojo-200gr-guachinerfe\/"},"modified":"2023-09-22T08:16:21","modified_gmt":"2023-09-22T08:16:21","slug":"mojo-rojo-picante-200gr-guachinerfe","status":"publish","type":"product","link":"https:\/\/theqbox.es\/de\/producto\/mojo-rojo-picante-200gr-guachinerfe\/","title":{"rendered":"Scharfe Rote Mojo 200gr Guachinerfe"},"content":{"rendered":"","protected":false},"excerpt":{"rendered":"<p>Die scharfe Mojo Pic\u00f3n ist eine der charakteristischsten Saucen der Kanarischen Inseln. Mit einem perfekten Gleichgewicht zwischen der Mischung aus Paprika, Gew\u00fcrzen und Knoblauch sowie ihrem intensiven scharfen Geschmack ist diese Mojo, die umgangssprachlich als &#8222;MOJO PIC\u00d3N&#8220; bezeichnet wird, ein Geschmackserlebnis f\u00fcr jeden Liebhaber von scharfen Aromen.<\/p>\n","protected":false},"featured_media":986,"comment_status":"open","ping_status":"closed","template":"","meta":[],"product_cat":[34],"product_tag":[],"class_list":{"0":"post-809","1":"product","2":"type-product","3":"status-publish","4":"has-post-thumbnail","6":"product_cat-gastronomie","8":"first","9":"outofstock","10":"shipping-taxable","11":"product-type-simple"},"yoast_head":"<!-- This site is optimized with the Yoast SEO plugin v23.1 - https:\/\/yoast.com\/wordpress\/plugins\/seo\/ -->\n<title>Scharfe Rote Mojo 200gr Guachinerfe - The Qbox<\/title>\n<meta name=\"robots\" content=\"index, follow, max-snippet:-1, max-image-preview:large, max-video-preview:-1\" \/>\n<link rel=\"canonical\" href=\"https:\/\/theqbox.es\/de\/producto\/mojo-rojo-picante-200gr-guachinerfe\/\" \/>\n<meta property=\"og:locale\" content=\"de_DE\" \/>\n<meta property=\"og:type\" content=\"article\" \/>\n<meta property=\"og:title\" content=\"Scharfe Rote Mojo 200gr Guachinerfe - The Qbox\" \/>\n<meta property=\"og:description\" content=\"Die scharfe Mojo Pic\u00f3n ist eine der charakteristischsten Saucen der Kanarischen Inseln. Mit einem perfekten Gleichgewicht zwischen der Mischung aus Paprika, Gew\u00fcrzen und Knoblauch sowie ihrem intensiven scharfen Geschmack ist diese Mojo, die umgangssprachlich als &quot;MOJO PIC\u00d3N&quot; bezeichnet wird, ein Geschmackserlebnis f\u00fcr jeden Liebhaber von scharfen Aromen.\" \/>\n<meta property=\"og:url\" content=\"https:\/\/theqbox.es\/de\/producto\/mojo-rojo-picante-200gr-guachinerfe\/\" \/>\n<meta property=\"og:site_name\" content=\"The Qbox\" \/>\n<meta property=\"article:modified_time\" content=\"2023-09-22T08:16:21+00:00\" \/>\n<meta property=\"og:image\" content=\"https:\/\/theqbox.es\/wp-content\/uploads\/2023\/09\/mojo-picon-200gr-guachinerfe.jpg\" \/>\n\t<meta property=\"og:image:width\" content=\"500\" \/>\n\t<meta property=\"og:image:height\" content=\"500\" \/>\n\t<meta property=\"og:image:type\" content=\"image\/jpeg\" \/>\n<meta name=\"twitter:card\" content=\"summary_large_image\" \/>\n<script type=\"application\/ld+json\" class=\"yoast-schema-graph\">{\"@context\":\"https:\/\/schema.org\",\"@graph\":[{\"@type\":\"WebPage\",\"@id\":\"https:\/\/theqbox.es\/de\/producto\/mojo-rojo-picante-200gr-guachinerfe\/\",\"url\":\"https:\/\/theqbox.es\/de\/producto\/mojo-rojo-picante-200gr-guachinerfe\/\",\"name\":\"Scharfe Rote Mojo 200gr Guachinerfe - The Qbox\",\"isPartOf\":{\"@id\":\"https:\/\/theqbox.es\/de\/#website\"},\"primaryImageOfPage\":{\"@id\":\"https:\/\/theqbox.es\/de\/producto\/mojo-rojo-picante-200gr-guachinerfe\/#primaryimage\"},\"image\":{\"@id\":\"https:\/\/theqbox.es\/de\/producto\/mojo-rojo-picante-200gr-guachinerfe\/#primaryimage\"},\"thumbnailUrl\":\"https:\/\/theqbox.es\/wp-content\/uploads\/2023\/09\/mojo-picon-200gr-guachinerfe.jpg\",\"datePublished\":\"2023-09-08T12:55:03+00:00\",\"dateModified\":\"2023-09-22T08:16:21+00:00\",\"breadcrumb\":{\"@id\":\"https:\/\/theqbox.es\/de\/producto\/mojo-rojo-picante-200gr-guachinerfe\/#breadcrumb\"},\"inLanguage\":\"de\",\"potentialAction\":[{\"@type\":\"ReadAction\",\"target\":[\"https:\/\/theqbox.es\/de\/producto\/mojo-rojo-picante-200gr-guachinerfe\/\"]}]},{\"@type\":\"ImageObject\",\"inLanguage\":\"de\",\"@id\":\"https:\/\/theqbox.es\/de\/producto\/mojo-rojo-picante-200gr-guachinerfe\/#primaryimage\",\"url\":\"https:\/\/theqbox.es\/wp-content\/uploads\/2023\/09\/mojo-picon-200gr-guachinerfe.jpg\",\"contentUrl\":\"https:\/\/theqbox.es\/wp-content\/uploads\/2023\/09\/mojo-picon-200gr-guachinerfe.jpg\",\"width\":500,\"height\":500},{\"@type\":\"BreadcrumbList\",\"@id\":\"https:\/\/theqbox.es\/de\/producto\/mojo-rojo-picante-200gr-guachinerfe\/#breadcrumb\",\"itemListElement\":[{\"@type\":\"ListItem\",\"position\":1,\"name\":\"Inicio\",\"item\":\"https:\/\/theqbox.es\/de\/\"},{\"@type\":\"ListItem\",\"position\":2,\"name\":\"Produkte\",\"item\":\"https:\/\/theqbox.es\/de\/shop\/\"},{\"@type\":\"ListItem\",\"position\":3,\"name\":\"Gastronomie\",\"item\":\"https:\/\/theqbox.es\/de\/categoria-producto\/gastronomie\/\"},{\"@type\":\"ListItem\",\"position\":4,\"name\":\"Scharfe Rote Mojo 200gr Guachinerfe\"}]},{\"@type\":\"WebSite\",\"@id\":\"https:\/\/theqbox.es\/de\/#website\",\"url\":\"https:\/\/theqbox.es\/de\/\",\"name\":\"The Qbox\",\"description\":\"My WordPress Blog\",\"publisher\":{\"@id\":\"https:\/\/theqbox.es\/de\/#organization\"},\"potentialAction\":[{\"@type\":\"SearchAction\",\"target\":{\"@type\":\"EntryPoint\",\"urlTemplate\":\"https:\/\/theqbox.es\/de\/?s={search_term_string}\"},\"query-input\":\"required name=search_term_string\"}],\"inLanguage\":\"de\"},{\"@type\":\"Organization\",\"@id\":\"https:\/\/theqbox.es\/de\/#organization\",\"name\":\"The Qbox\",\"url\":\"https:\/\/theqbox.es\/de\/\",\"logo\":{\"@type\":\"ImageObject\",\"inLanguage\":\"de\",\"@id\":\"https:\/\/theqbox.es\/de\/#\/schema\/logo\/image\/\",\"url\":\"https:\/\/theqbox.es\/wp-content\/uploads\/2023\/09\/TheQbox-logo.svg\",\"contentUrl\":\"https:\/\/theqbox.es\/wp-content\/uploads\/2023\/09\/TheQbox-logo.svg\",\"width\":1,\"height\":1,\"caption\":\"The Qbox\"},\"image\":{\"@id\":\"https:\/\/theqbox.es\/de\/#\/schema\/logo\/image\/\"}}]}<\/script>\n<!-- \/ Yoast SEO plugin. -->","yoast_head_json":{"title":"Scharfe Rote Mojo 200gr Guachinerfe - The Qbox","robots":{"index":"index","follow":"follow","max-snippet":"max-snippet:-1","max-image-preview":"max-image-preview:large","max-video-preview":"max-video-preview:-1"},"canonical":"https:\/\/theqbox.es\/de\/producto\/mojo-rojo-picante-200gr-guachinerfe\/","og_locale":"de_DE","og_type":"article","og_title":"Scharfe Rote Mojo 200gr Guachinerfe - The Qbox","og_description":"Die scharfe Mojo Pic\u00f3n ist eine der charakteristischsten Saucen der Kanarischen Inseln. Mit einem perfekten Gleichgewicht zwischen der Mischung aus Paprika, Gew\u00fcrzen und Knoblauch sowie ihrem intensiven scharfen Geschmack ist diese Mojo, die umgangssprachlich als \"MOJO PIC\u00d3N\" bezeichnet wird, ein Geschmackserlebnis f\u00fcr jeden Liebhaber von scharfen Aromen.","og_url":"https:\/\/theqbox.es\/de\/producto\/mojo-rojo-picante-200gr-guachinerfe\/","og_site_name":"The Qbox","article_modified_time":"2023-09-22T08:16:21+00:00","og_image":[{"width":500,"height":500,"url":"https:\/\/theqbox.es\/wp-content\/uploads\/2023\/09\/mojo-picon-200gr-guachinerfe.jpg","type":"image\/jpeg"}],"twitter_card":"summary_large_image","schema":{"@context":"https:\/\/schema.org","@graph":[{"@type":"WebPage","@id":"https:\/\/theqbox.es\/de\/producto\/mojo-rojo-picante-200gr-guachinerfe\/","url":"https:\/\/theqbox.es\/de\/producto\/mojo-rojo-picante-200gr-guachinerfe\/","name":"Scharfe Rote Mojo 200gr Guachinerfe - The Qbox","isPartOf":{"@id":"https:\/\/theqbox.es\/de\/#website"},"primaryImageOfPage":{"@id":"https:\/\/theqbox.es\/de\/producto\/mojo-rojo-picante-200gr-guachinerfe\/#primaryimage"},"image":{"@id":"https:\/\/theqbox.es\/de\/producto\/mojo-rojo-picante-200gr-guachinerfe\/#primaryimage"},"thumbnailUrl":"https:\/\/theqbox.es\/wp-content\/uploads\/2023\/09\/mojo-picon-200gr-guachinerfe.jpg","datePublished":"2023-09-08T12:55:03+00:00","dateModified":"2023-09-22T08:16:21+00:00","breadcrumb":{"@id":"https:\/\/theqbox.es\/de\/producto\/mojo-rojo-picante-200gr-guachinerfe\/#breadcrumb"},"inLanguage":"de","potentialAction":[{"@type":"ReadAction","target":["https:\/\/theqbox.es\/de\/producto\/mojo-rojo-picante-200gr-guachinerfe\/"]}]},{"@type":"ImageObject","inLanguage":"de","@id":"https:\/\/theqbox.es\/de\/producto\/mojo-rojo-picante-200gr-guachinerfe\/#primaryimage","url":"https:\/\/theqbox.es\/wp-content\/uploads\/2023\/09\/mojo-picon-200gr-guachinerfe.jpg","contentUrl":"https:\/\/theqbox.es\/wp-content\/uploads\/2023\/09\/mojo-picon-200gr-guachinerfe.jpg","width":500,"height":500},{"@type":"BreadcrumbList","@id":"https:\/\/theqbox.es\/de\/producto\/mojo-rojo-picante-200gr-guachinerfe\/#breadcrumb","itemListElement":[{"@type":"ListItem","position":1,"name":"Inicio","item":"https:\/\/theqbox.es\/de\/"},{"@type":"ListItem","position":2,"name":"Produkte","item":"https:\/\/theqbox.es\/de\/shop\/"},{"@type":"ListItem","position":3,"name":"Gastronomie","item":"https:\/\/theqbox.es\/de\/categoria-producto\/gastronomie\/"},{"@type":"ListItem","position":4,"name":"Scharfe Rote Mojo 200gr Guachinerfe"}]},{"@type":"WebSite","@id":"https:\/\/theqbox.es\/de\/#website","url":"https:\/\/theqbox.es\/de\/","name":"The Qbox","description":"My WordPress Blog","publisher":{"@id":"https:\/\/theqbox.es\/de\/#organization"},"potentialAction":[{"@type":"SearchAction","target":{"@type":"EntryPoint","urlTemplate":"https:\/\/theqbox.es\/de\/?s={search_term_string}"},"query-input":"required name=search_term_string"}],"inLanguage":"de"},{"@type":"Organization","@id":"https:\/\/theqbox.es\/de\/#organization","name":"The Qbox","url":"https:\/\/theqbox.es\/de\/","logo":{"@type":"ImageObject","inLanguage":"de","@id":"https:\/\/theqbox.es\/de\/#\/schema\/logo\/image\/","url":"https:\/\/theqbox.es\/wp-content\/uploads\/2023\/09\/TheQbox-logo.svg","contentUrl":"https:\/\/theqbox.es\/wp-content\/uploads\/2023\/09\/TheQbox-logo.svg","width":1,"height":1,"caption":"The Qbox"},"image":{"@id":"https:\/\/theqbox.es\/de\/#\/schema\/logo\/image\/"}}]}},"_links":{"self":[{"href":"https:\/\/theqbox.es\/de\/wp-json\/wp\/v2\/product\/809","targetHints":{"allow":["GET"]}}],"collection":[{"href":"https:\/\/theqbox.es\/de\/wp-json\/wp\/v2\/product"}],"about":[{"href":"https:\/\/theqbox.es\/de\/wp-json\/wp\/v2\/types\/product"}],"replies":[{"embeddable":true,"href":"https:\/\/theqbox.es\/de\/wp-json\/wp\/v2\/comments?post=809"}],"wp:featuredmedia":[{"embeddable":true,"href":"https:\/\/theqbox.es\/de\/wp-json\/wp\/v2\/media\/986"}],"wp:attachment":[{"href":"https:\/\/theqbox.es\/de\/wp-json\/wp\/v2\/media?parent=809"}],"wp:term":[{"taxonomy":"product_cat","embeddable":true,"href":"https:\/\/theqbox.es\/de\/wp-json\/wp\/v2\/product_cat?post=809"},{"taxonomy":"product_tag","embeddable":true,"href":"https:\/\/theqbox.es\/de\/wp-json\/wp\/v2\/product_tag?post=809"}],"curies":[{"name":"wp","href":"https:\/\/api.w.org\/{rel}","templated":true}]}}