{"id":805,"date":"2023-09-08T12:52:04","date_gmt":"2023-09-08T12:52:04","guid":{"rendered":"https:\/\/theqbox.es\/producto\/ambrosia-tirma\/"},"modified":"2023-09-22T08:01:22","modified_gmt":"2023-09-22T08:01:22","slug":"ambrosia-tirma","status":"publish","type":"product","link":"https:\/\/theqbox.es\/de\/producto\/ambrosia-tirma\/","title":{"rendered":"Ambrosia Tirma"},"content":{"rendered":"","protected":false},"excerpt":{"rendered":"<p>Es handelt sich um eine Waffelriegel, die mit k\u00f6stlicher Creme gef\u00fcllt und in leckere Milchschokolade getaucht sind. Sie werden in einer Box mit 14 Riegeln pr\u00e4sentiert, die nach traditionellen Rezepten und mit pflanzlichen Zutaten ohne Pestizide oder Herbizide hergestellt werden.<\/p>\n","protected":false},"featured_media":688,"comment_status":"open","ping_status":"closed","template":"","meta":[],"product_cat":[34],"product_tag":[],"class_list":{"0":"post-805","1":"product","2":"type-product","3":"status-publish","4":"has-post-thumbnail","6":"product_cat-gastronomie","8":"first","9":"outofstock","10":"featured","11":"shipping-taxable","12":"product-type-simple"},"yoast_head":"<!-- This site is optimized with the Yoast SEO plugin v23.1 - https:\/\/yoast.com\/wordpress\/plugins\/seo\/ -->\n<title>Ambrosia Tirma - The Qbox<\/title>\n<meta name=\"robots\" content=\"index, follow, max-snippet:-1, max-image-preview:large, max-video-preview:-1\" \/>\n<link rel=\"canonical\" href=\"https:\/\/theqbox.es\/de\/producto\/ambrosia-tirma\/\" \/>\n<meta property=\"og:locale\" content=\"de_DE\" \/>\n<meta property=\"og:type\" content=\"article\" \/>\n<meta property=\"og:title\" content=\"Ambrosia Tirma - The Qbox\" \/>\n<meta property=\"og:description\" content=\"Es handelt sich um eine Waffelriegel, die mit k\u00f6stlicher Creme gef\u00fcllt und in leckere Milchschokolade getaucht sind. Sie werden in einer Box mit 14 Riegeln pr\u00e4sentiert, die nach traditionellen Rezepten und mit pflanzlichen Zutaten ohne Pestizide oder Herbizide hergestellt werden.\" \/>\n<meta property=\"og:url\" content=\"https:\/\/theqbox.es\/de\/producto\/ambrosia-tirma\/\" \/>\n<meta property=\"og:site_name\" content=\"The Qbox\" \/>\n<meta property=\"article:modified_time\" content=\"2023-09-22T08:01:22+00:00\" \/>\n<meta property=\"og:image\" content=\"https:\/\/theqbox.es\/wp-content\/uploads\/2023\/09\/ambrosia-chocolate-con-leche-tirma-14-x-21g.jpg\" \/>\n\t<meta property=\"og:image:width\" content=\"1200\" \/>\n\t<meta property=\"og:image:height\" content=\"1200\" \/>\n\t<meta property=\"og:image:type\" content=\"image\/jpeg\" \/>\n<meta name=\"twitter:card\" content=\"summary_large_image\" \/>\n<script type=\"application\/ld+json\" class=\"yoast-schema-graph\">{\"@context\":\"https:\/\/schema.org\",\"@graph\":[{\"@type\":\"WebPage\",\"@id\":\"https:\/\/theqbox.es\/de\/producto\/ambrosia-tirma\/\",\"url\":\"https:\/\/theqbox.es\/de\/producto\/ambrosia-tirma\/\",\"name\":\"Ambrosia Tirma - The Qbox\",\"isPartOf\":{\"@id\":\"https:\/\/theqbox.es\/de\/#website\"},\"primaryImageOfPage\":{\"@id\":\"https:\/\/theqbox.es\/de\/producto\/ambrosia-tirma\/#primaryimage\"},\"image\":{\"@id\":\"https:\/\/theqbox.es\/de\/producto\/ambrosia-tirma\/#primaryimage\"},\"thumbnailUrl\":\"https:\/\/theqbox.es\/wp-content\/uploads\/2023\/09\/ambrosia-chocolate-con-leche-tirma-14-x-21g.jpg\",\"datePublished\":\"2023-09-08T12:52:04+00:00\",\"dateModified\":\"2023-09-22T08:01:22+00:00\",\"breadcrumb\":{\"@id\":\"https:\/\/theqbox.es\/de\/producto\/ambrosia-tirma\/#breadcrumb\"},\"inLanguage\":\"de\",\"potentialAction\":[{\"@type\":\"ReadAction\",\"target\":[\"https:\/\/theqbox.es\/de\/producto\/ambrosia-tirma\/\"]}]},{\"@type\":\"ImageObject\",\"inLanguage\":\"de\",\"@id\":\"https:\/\/theqbox.es\/de\/producto\/ambrosia-tirma\/#primaryimage\",\"url\":\"https:\/\/theqbox.es\/wp-content\/uploads\/2023\/09\/ambrosia-chocolate-con-leche-tirma-14-x-21g.jpg\",\"contentUrl\":\"https:\/\/theqbox.es\/wp-content\/uploads\/2023\/09\/ambrosia-chocolate-con-leche-tirma-14-x-21g.jpg\",\"width\":1200,\"height\":1200},{\"@type\":\"BreadcrumbList\",\"@id\":\"https:\/\/theqbox.es\/de\/producto\/ambrosia-tirma\/#breadcrumb\",\"itemListElement\":[{\"@type\":\"ListItem\",\"position\":1,\"name\":\"Inicio\",\"item\":\"https:\/\/theqbox.es\/de\/\"},{\"@type\":\"ListItem\",\"position\":2,\"name\":\"Produkte\",\"item\":\"https:\/\/theqbox.es\/de\/shop\/\"},{\"@type\":\"ListItem\",\"position\":3,\"name\":\"Gastronomie\",\"item\":\"https:\/\/theqbox.es\/de\/categoria-producto\/gastronomie\/\"},{\"@type\":\"ListItem\",\"position\":4,\"name\":\"Ambrosia Tirma\"}]},{\"@type\":\"WebSite\",\"@id\":\"https:\/\/theqbox.es\/de\/#website\",\"url\":\"https:\/\/theqbox.es\/de\/\",\"name\":\"The Qbox\",\"description\":\"My WordPress Blog\",\"publisher\":{\"@id\":\"https:\/\/theqbox.es\/de\/#organization\"},\"potentialAction\":[{\"@type\":\"SearchAction\",\"target\":{\"@type\":\"EntryPoint\",\"urlTemplate\":\"https:\/\/theqbox.es\/de\/?s={search_term_string}\"},\"query-input\":\"required name=search_term_string\"}],\"inLanguage\":\"de\"},{\"@type\":\"Organization\",\"@id\":\"https:\/\/theqbox.es\/de\/#organization\",\"name\":\"The Qbox\",\"url\":\"https:\/\/theqbox.es\/de\/\",\"logo\":{\"@type\":\"ImageObject\",\"inLanguage\":\"de\",\"@id\":\"https:\/\/theqbox.es\/de\/#\/schema\/logo\/image\/\",\"url\":\"https:\/\/theqbox.es\/wp-content\/uploads\/2023\/09\/TheQbox-logo.svg\",\"contentUrl\":\"https:\/\/theqbox.es\/wp-content\/uploads\/2023\/09\/TheQbox-logo.svg\",\"width\":1,\"height\":1,\"caption\":\"The Qbox\"},\"image\":{\"@id\":\"https:\/\/theqbox.es\/de\/#\/schema\/logo\/image\/\"}}]}<\/script>\n<!-- \/ Yoast SEO plugin. -->","yoast_head_json":{"title":"Ambrosia Tirma - The Qbox","robots":{"index":"index","follow":"follow","max-snippet":"max-snippet:-1","max-image-preview":"max-image-preview:large","max-video-preview":"max-video-preview:-1"},"canonical":"https:\/\/theqbox.es\/de\/producto\/ambrosia-tirma\/","og_locale":"de_DE","og_type":"article","og_title":"Ambrosia Tirma - The Qbox","og_description":"Es handelt sich um eine Waffelriegel, die mit k\u00f6stlicher Creme gef\u00fcllt und in leckere Milchschokolade getaucht sind. Sie werden in einer Box mit 14 Riegeln pr\u00e4sentiert, die nach traditionellen Rezepten und mit pflanzlichen Zutaten ohne Pestizide oder Herbizide hergestellt werden.","og_url":"https:\/\/theqbox.es\/de\/producto\/ambrosia-tirma\/","og_site_name":"The Qbox","article_modified_time":"2023-09-22T08:01:22+00:00","og_image":[{"width":1200,"height":1200,"url":"https:\/\/theqbox.es\/wp-content\/uploads\/2023\/09\/ambrosia-chocolate-con-leche-tirma-14-x-21g.jpg","type":"image\/jpeg"}],"twitter_card":"summary_large_image","schema":{"@context":"https:\/\/schema.org","@graph":[{"@type":"WebPage","@id":"https:\/\/theqbox.es\/de\/producto\/ambrosia-tirma\/","url":"https:\/\/theqbox.es\/de\/producto\/ambrosia-tirma\/","name":"Ambrosia Tirma - The Qbox","isPartOf":{"@id":"https:\/\/theqbox.es\/de\/#website"},"primaryImageOfPage":{"@id":"https:\/\/theqbox.es\/de\/producto\/ambrosia-tirma\/#primaryimage"},"image":{"@id":"https:\/\/theqbox.es\/de\/producto\/ambrosia-tirma\/#primaryimage"},"thumbnailUrl":"https:\/\/theqbox.es\/wp-content\/uploads\/2023\/09\/ambrosia-chocolate-con-leche-tirma-14-x-21g.jpg","datePublished":"2023-09-08T12:52:04+00:00","dateModified":"2023-09-22T08:01:22+00:00","breadcrumb":{"@id":"https:\/\/theqbox.es\/de\/producto\/ambrosia-tirma\/#breadcrumb"},"inLanguage":"de","potentialAction":[{"@type":"ReadAction","target":["https:\/\/theqbox.es\/de\/producto\/ambrosia-tirma\/"]}]},{"@type":"ImageObject","inLanguage":"de","@id":"https:\/\/theqbox.es\/de\/producto\/ambrosia-tirma\/#primaryimage","url":"https:\/\/theqbox.es\/wp-content\/uploads\/2023\/09\/ambrosia-chocolate-con-leche-tirma-14-x-21g.jpg","contentUrl":"https:\/\/theqbox.es\/wp-content\/uploads\/2023\/09\/ambrosia-chocolate-con-leche-tirma-14-x-21g.jpg","width":1200,"height":1200},{"@type":"BreadcrumbList","@id":"https:\/\/theqbox.es\/de\/producto\/ambrosia-tirma\/#breadcrumb","itemListElement":[{"@type":"ListItem","position":1,"name":"Inicio","item":"https:\/\/theqbox.es\/de\/"},{"@type":"ListItem","position":2,"name":"Produkte","item":"https:\/\/theqbox.es\/de\/shop\/"},{"@type":"ListItem","position":3,"name":"Gastronomie","item":"https:\/\/theqbox.es\/de\/categoria-producto\/gastronomie\/"},{"@type":"ListItem","position":4,"name":"Ambrosia Tirma"}]},{"@type":"WebSite","@id":"https:\/\/theqbox.es\/de\/#website","url":"https:\/\/theqbox.es\/de\/","name":"The Qbox","description":"My WordPress Blog","publisher":{"@id":"https:\/\/theqbox.es\/de\/#organization"},"potentialAction":[{"@type":"SearchAction","target":{"@type":"EntryPoint","urlTemplate":"https:\/\/theqbox.es\/de\/?s={search_term_string}"},"query-input":"required name=search_term_string"}],"inLanguage":"de"},{"@type":"Organization","@id":"https:\/\/theqbox.es\/de\/#organization","name":"The Qbox","url":"https:\/\/theqbox.es\/de\/","logo":{"@type":"ImageObject","inLanguage":"de","@id":"https:\/\/theqbox.es\/de\/#\/schema\/logo\/image\/","url":"https:\/\/theqbox.es\/wp-content\/uploads\/2023\/09\/TheQbox-logo.svg","contentUrl":"https:\/\/theqbox.es\/wp-content\/uploads\/2023\/09\/TheQbox-logo.svg","width":1,"height":1,"caption":"The Qbox"},"image":{"@id":"https:\/\/theqbox.es\/de\/#\/schema\/logo\/image\/"}}]}},"_links":{"self":[{"href":"https:\/\/theqbox.es\/de\/wp-json\/wp\/v2\/product\/805","targetHints":{"allow":["GET"]}}],"collection":[{"href":"https:\/\/theqbox.es\/de\/wp-json\/wp\/v2\/product"}],"about":[{"href":"https:\/\/theqbox.es\/de\/wp-json\/wp\/v2\/types\/product"}],"replies":[{"embeddable":true,"href":"https:\/\/theqbox.es\/de\/wp-json\/wp\/v2\/comments?post=805"}],"wp:featuredmedia":[{"embeddable":true,"href":"https:\/\/theqbox.es\/de\/wp-json\/wp\/v2\/media\/688"}],"wp:attachment":[{"href":"https:\/\/theqbox.es\/de\/wp-json\/wp\/v2\/media?parent=805"}],"wp:term":[{"taxonomy":"product_cat","embeddable":true,"href":"https:\/\/theqbox.es\/de\/wp-json\/wp\/v2\/product_cat?post=805"},{"taxonomy":"product_tag","embeddable":true,"href":"https:\/\/theqbox.es\/de\/wp-json\/wp\/v2\/product_tag?post=805"}],"curies":[{"name":"wp","href":"https:\/\/api.w.org\/{rel}","templated":true}]}}