{"id":795,"date":"2023-09-08T12:44:10","date_gmt":"2023-09-08T12:44:10","guid":{"rendered":"https:\/\/theqbox.es\/producto\/mini-packung-3-mojos\/"},"modified":"2023-09-22T08:12:44","modified_gmt":"2023-09-22T08:12:44","slug":"mini-pack-3-mojos","status":"publish","type":"product","link":"https:\/\/theqbox.es\/de\/producto\/mini-pack-3-mojos\/","title":{"rendered":"MINI-PACKUNG 3 Mojos"},"content":{"rendered":"","protected":false},"excerpt":{"rendered":"<p>Der kanarische Mojo ist eine typische So\u00dfe der Inseln, die in keinem kanarischen Haushalt fehlen darf. In diesem Fall handelt es sich um einen gr\u00fcnen Mojo, der seine Farbe durch verschiedene nat\u00fcrliche Gem\u00fcsesorten erh\u00e4lt, die f\u00fcr seine Zubereitung verwendet werden, darunter Koriander, und die aus der Region stammen.<\/p>\n","protected":false},"featured_media":670,"comment_status":"open","ping_status":"closed","template":"","meta":[],"product_cat":[34],"product_tag":[],"class_list":{"0":"post-795","1":"product","2":"type-product","3":"status-publish","4":"has-post-thumbnail","6":"product_cat-gastronomie","8":"first","9":"outofstock","10":"shipping-taxable","11":"product-type-simple"},"yoast_head":"<!-- This site is optimized with the Yoast SEO plugin v23.1 - https:\/\/yoast.com\/wordpress\/plugins\/seo\/ -->\n<title>MINI-PACKUNG 3 Mojos - The Qbox<\/title>\n<meta name=\"robots\" content=\"index, follow, max-snippet:-1, max-image-preview:large, max-video-preview:-1\" \/>\n<link rel=\"canonical\" href=\"https:\/\/theqbox.es\/de\/producto\/mini-pack-3-mojos\/\" \/>\n<meta property=\"og:locale\" content=\"de_DE\" \/>\n<meta property=\"og:type\" content=\"article\" \/>\n<meta property=\"og:title\" content=\"MINI-PACKUNG 3 Mojos - The Qbox\" \/>\n<meta property=\"og:description\" content=\"Der kanarische Mojo ist eine typische So\u00dfe der Inseln, die in keinem kanarischen Haushalt fehlen darf. In diesem Fall handelt es sich um einen gr\u00fcnen Mojo, der seine Farbe durch verschiedene nat\u00fcrliche Gem\u00fcsesorten erh\u00e4lt, die f\u00fcr seine Zubereitung verwendet werden, darunter Koriander, und die aus der Region stammen.\" \/>\n<meta property=\"og:url\" content=\"https:\/\/theqbox.es\/de\/producto\/mini-pack-3-mojos\/\" \/>\n<meta property=\"og:site_name\" content=\"The Qbox\" \/>\n<meta property=\"article:modified_time\" content=\"2023-09-22T08:12:44+00:00\" \/>\n<meta property=\"og:image\" content=\"https:\/\/theqbox.es\/wp-content\/uploads\/2023\/09\/mini-pack-de-3-salsas-el-masape-de-la-gomera-3x40gr-1.jpg\" \/>\n\t<meta property=\"og:image:width\" content=\"452\" \/>\n\t<meta property=\"og:image:height\" content=\"452\" \/>\n\t<meta property=\"og:image:type\" content=\"image\/jpeg\" \/>\n<meta name=\"twitter:card\" content=\"summary_large_image\" \/>\n<script type=\"application\/ld+json\" class=\"yoast-schema-graph\">{\"@context\":\"https:\/\/schema.org\",\"@graph\":[{\"@type\":\"WebPage\",\"@id\":\"https:\/\/theqbox.es\/de\/producto\/mini-pack-3-mojos\/\",\"url\":\"https:\/\/theqbox.es\/de\/producto\/mini-pack-3-mojos\/\",\"name\":\"MINI-PACKUNG 3 Mojos - The Qbox\",\"isPartOf\":{\"@id\":\"https:\/\/theqbox.es\/de\/#website\"},\"primaryImageOfPage\":{\"@id\":\"https:\/\/theqbox.es\/de\/producto\/mini-pack-3-mojos\/#primaryimage\"},\"image\":{\"@id\":\"https:\/\/theqbox.es\/de\/producto\/mini-pack-3-mojos\/#primaryimage\"},\"thumbnailUrl\":\"https:\/\/theqbox.es\/wp-content\/uploads\/2023\/09\/mini-pack-de-3-salsas-el-masape-de-la-gomera-3x40gr-1.jpg\",\"datePublished\":\"2023-09-08T12:44:10+00:00\",\"dateModified\":\"2023-09-22T08:12:44+00:00\",\"breadcrumb\":{\"@id\":\"https:\/\/theqbox.es\/de\/producto\/mini-pack-3-mojos\/#breadcrumb\"},\"inLanguage\":\"de\",\"potentialAction\":[{\"@type\":\"ReadAction\",\"target\":[\"https:\/\/theqbox.es\/de\/producto\/mini-pack-3-mojos\/\"]}]},{\"@type\":\"ImageObject\",\"inLanguage\":\"de\",\"@id\":\"https:\/\/theqbox.es\/de\/producto\/mini-pack-3-mojos\/#primaryimage\",\"url\":\"https:\/\/theqbox.es\/wp-content\/uploads\/2023\/09\/mini-pack-de-3-salsas-el-masape-de-la-gomera-3x40gr-1.jpg\",\"contentUrl\":\"https:\/\/theqbox.es\/wp-content\/uploads\/2023\/09\/mini-pack-de-3-salsas-el-masape-de-la-gomera-3x40gr-1.jpg\",\"width\":452,\"height\":452},{\"@type\":\"BreadcrumbList\",\"@id\":\"https:\/\/theqbox.es\/de\/producto\/mini-pack-3-mojos\/#breadcrumb\",\"itemListElement\":[{\"@type\":\"ListItem\",\"position\":1,\"name\":\"Inicio\",\"item\":\"https:\/\/theqbox.es\/de\/\"},{\"@type\":\"ListItem\",\"position\":2,\"name\":\"Produkte\",\"item\":\"https:\/\/theqbox.es\/de\/shop\/\"},{\"@type\":\"ListItem\",\"position\":3,\"name\":\"Gastronomie\",\"item\":\"https:\/\/theqbox.es\/de\/categoria-producto\/gastronomie\/\"},{\"@type\":\"ListItem\",\"position\":4,\"name\":\"MINI-PACKUNG 3 Mojos\"}]},{\"@type\":\"WebSite\",\"@id\":\"https:\/\/theqbox.es\/de\/#website\",\"url\":\"https:\/\/theqbox.es\/de\/\",\"name\":\"The Qbox\",\"description\":\"My WordPress Blog\",\"publisher\":{\"@id\":\"https:\/\/theqbox.es\/de\/#organization\"},\"potentialAction\":[{\"@type\":\"SearchAction\",\"target\":{\"@type\":\"EntryPoint\",\"urlTemplate\":\"https:\/\/theqbox.es\/de\/?s={search_term_string}\"},\"query-input\":\"required name=search_term_string\"}],\"inLanguage\":\"de\"},{\"@type\":\"Organization\",\"@id\":\"https:\/\/theqbox.es\/de\/#organization\",\"name\":\"The Qbox\",\"url\":\"https:\/\/theqbox.es\/de\/\",\"logo\":{\"@type\":\"ImageObject\",\"inLanguage\":\"de\",\"@id\":\"https:\/\/theqbox.es\/de\/#\/schema\/logo\/image\/\",\"url\":\"https:\/\/theqbox.es\/wp-content\/uploads\/2023\/09\/TheQbox-logo.svg\",\"contentUrl\":\"https:\/\/theqbox.es\/wp-content\/uploads\/2023\/09\/TheQbox-logo.svg\",\"width\":1,\"height\":1,\"caption\":\"The Qbox\"},\"image\":{\"@id\":\"https:\/\/theqbox.es\/de\/#\/schema\/logo\/image\/\"}}]}<\/script>\n<!-- \/ Yoast SEO plugin. -->","yoast_head_json":{"title":"MINI-PACKUNG 3 Mojos - The Qbox","robots":{"index":"index","follow":"follow","max-snippet":"max-snippet:-1","max-image-preview":"max-image-preview:large","max-video-preview":"max-video-preview:-1"},"canonical":"https:\/\/theqbox.es\/de\/producto\/mini-pack-3-mojos\/","og_locale":"de_DE","og_type":"article","og_title":"MINI-PACKUNG 3 Mojos - The Qbox","og_description":"Der kanarische Mojo ist eine typische So\u00dfe der Inseln, die in keinem kanarischen Haushalt fehlen darf. In diesem Fall handelt es sich um einen gr\u00fcnen Mojo, der seine Farbe durch verschiedene nat\u00fcrliche Gem\u00fcsesorten erh\u00e4lt, die f\u00fcr seine Zubereitung verwendet werden, darunter Koriander, und die aus der Region stammen.","og_url":"https:\/\/theqbox.es\/de\/producto\/mini-pack-3-mojos\/","og_site_name":"The Qbox","article_modified_time":"2023-09-22T08:12:44+00:00","og_image":[{"width":452,"height":452,"url":"https:\/\/theqbox.es\/wp-content\/uploads\/2023\/09\/mini-pack-de-3-salsas-el-masape-de-la-gomera-3x40gr-1.jpg","type":"image\/jpeg"}],"twitter_card":"summary_large_image","schema":{"@context":"https:\/\/schema.org","@graph":[{"@type":"WebPage","@id":"https:\/\/theqbox.es\/de\/producto\/mini-pack-3-mojos\/","url":"https:\/\/theqbox.es\/de\/producto\/mini-pack-3-mojos\/","name":"MINI-PACKUNG 3 Mojos - The Qbox","isPartOf":{"@id":"https:\/\/theqbox.es\/de\/#website"},"primaryImageOfPage":{"@id":"https:\/\/theqbox.es\/de\/producto\/mini-pack-3-mojos\/#primaryimage"},"image":{"@id":"https:\/\/theqbox.es\/de\/producto\/mini-pack-3-mojos\/#primaryimage"},"thumbnailUrl":"https:\/\/theqbox.es\/wp-content\/uploads\/2023\/09\/mini-pack-de-3-salsas-el-masape-de-la-gomera-3x40gr-1.jpg","datePublished":"2023-09-08T12:44:10+00:00","dateModified":"2023-09-22T08:12:44+00:00","breadcrumb":{"@id":"https:\/\/theqbox.es\/de\/producto\/mini-pack-3-mojos\/#breadcrumb"},"inLanguage":"de","potentialAction":[{"@type":"ReadAction","target":["https:\/\/theqbox.es\/de\/producto\/mini-pack-3-mojos\/"]}]},{"@type":"ImageObject","inLanguage":"de","@id":"https:\/\/theqbox.es\/de\/producto\/mini-pack-3-mojos\/#primaryimage","url":"https:\/\/theqbox.es\/wp-content\/uploads\/2023\/09\/mini-pack-de-3-salsas-el-masape-de-la-gomera-3x40gr-1.jpg","contentUrl":"https:\/\/theqbox.es\/wp-content\/uploads\/2023\/09\/mini-pack-de-3-salsas-el-masape-de-la-gomera-3x40gr-1.jpg","width":452,"height":452},{"@type":"BreadcrumbList","@id":"https:\/\/theqbox.es\/de\/producto\/mini-pack-3-mojos\/#breadcrumb","itemListElement":[{"@type":"ListItem","position":1,"name":"Inicio","item":"https:\/\/theqbox.es\/de\/"},{"@type":"ListItem","position":2,"name":"Produkte","item":"https:\/\/theqbox.es\/de\/shop\/"},{"@type":"ListItem","position":3,"name":"Gastronomie","item":"https:\/\/theqbox.es\/de\/categoria-producto\/gastronomie\/"},{"@type":"ListItem","position":4,"name":"MINI-PACKUNG 3 Mojos"}]},{"@type":"WebSite","@id":"https:\/\/theqbox.es\/de\/#website","url":"https:\/\/theqbox.es\/de\/","name":"The Qbox","description":"My WordPress Blog","publisher":{"@id":"https:\/\/theqbox.es\/de\/#organization"},"potentialAction":[{"@type":"SearchAction","target":{"@type":"EntryPoint","urlTemplate":"https:\/\/theqbox.es\/de\/?s={search_term_string}"},"query-input":"required name=search_term_string"}],"inLanguage":"de"},{"@type":"Organization","@id":"https:\/\/theqbox.es\/de\/#organization","name":"The Qbox","url":"https:\/\/theqbox.es\/de\/","logo":{"@type":"ImageObject","inLanguage":"de","@id":"https:\/\/theqbox.es\/de\/#\/schema\/logo\/image\/","url":"https:\/\/theqbox.es\/wp-content\/uploads\/2023\/09\/TheQbox-logo.svg","contentUrl":"https:\/\/theqbox.es\/wp-content\/uploads\/2023\/09\/TheQbox-logo.svg","width":1,"height":1,"caption":"The Qbox"},"image":{"@id":"https:\/\/theqbox.es\/de\/#\/schema\/logo\/image\/"}}]}},"_links":{"self":[{"href":"https:\/\/theqbox.es\/de\/wp-json\/wp\/v2\/product\/795","targetHints":{"allow":["GET"]}}],"collection":[{"href":"https:\/\/theqbox.es\/de\/wp-json\/wp\/v2\/product"}],"about":[{"href":"https:\/\/theqbox.es\/de\/wp-json\/wp\/v2\/types\/product"}],"replies":[{"embeddable":true,"href":"https:\/\/theqbox.es\/de\/wp-json\/wp\/v2\/comments?post=795"}],"wp:featuredmedia":[{"embeddable":true,"href":"https:\/\/theqbox.es\/de\/wp-json\/wp\/v2\/media\/670"}],"wp:attachment":[{"href":"https:\/\/theqbox.es\/de\/wp-json\/wp\/v2\/media?parent=795"}],"wp:term":[{"taxonomy":"product_cat","embeddable":true,"href":"https:\/\/theqbox.es\/de\/wp-json\/wp\/v2\/product_cat?post=795"},{"taxonomy":"product_tag","embeddable":true,"href":"https:\/\/theqbox.es\/de\/wp-json\/wp\/v2\/product_tag?post=795"}],"curies":[{"name":"wp","href":"https:\/\/api.w.org\/{rel}","templated":true}]}}