{"id":790,"date":"2023-09-08T11:51:32","date_gmt":"2023-09-08T11:51:32","guid":{"rendered":"https:\/\/theqbox.es\/producto\/route-mojo-220-gr\/"},"modified":"2023-09-22T08:14:56","modified_gmt":"2023-09-22T08:14:56","slug":"mojo-rojo-220-gr","status":"publish","type":"product","link":"https:\/\/theqbox.es\/de\/producto\/mojo-rojo-220-gr\/","title":{"rendered":"Route Mojo 220 gr"},"content":{"rendered":"","protected":false},"excerpt":{"rendered":"<p>Mojo canario ist eine typische Sauce der Kanarischen Inseln, die in keinem kanarischen Haushalt fehlen darf. In diesem Fall handelt es sich um einen roten Mojo, der seine Farbe durch die verschiedenen nat\u00fcrlichen Gem\u00fcsesorten erh\u00e4lt, die f\u00fcr seine Herstellung verwendet werden und die aus der Region stammen.<\/p>\n","protected":false},"featured_media":992,"comment_status":"open","ping_status":"closed","template":"","meta":[],"product_cat":[34],"product_tag":[],"class_list":{"0":"post-790","1":"product","2":"type-product","3":"status-publish","4":"has-post-thumbnail","6":"product_cat-gastronomie","8":"first","9":"outofstock","10":"shipping-taxable","11":"product-type-simple"},"yoast_head":"<!-- This site is optimized with the Yoast SEO plugin v23.1 - https:\/\/yoast.com\/wordpress\/plugins\/seo\/ -->\n<title>Route Mojo 220 gr - The Qbox<\/title>\n<meta name=\"robots\" content=\"index, follow, max-snippet:-1, max-image-preview:large, max-video-preview:-1\" \/>\n<link rel=\"canonical\" href=\"https:\/\/theqbox.es\/de\/producto\/mojo-rojo-220-gr\/\" \/>\n<meta property=\"og:locale\" content=\"de_DE\" \/>\n<meta property=\"og:type\" content=\"article\" \/>\n<meta property=\"og:title\" content=\"Route Mojo 220 gr - The Qbox\" \/>\n<meta property=\"og:description\" content=\"Mojo canario ist eine typische Sauce der Kanarischen Inseln, die in keinem kanarischen Haushalt fehlen darf. In diesem Fall handelt es sich um einen roten Mojo, der seine Farbe durch die verschiedenen nat\u00fcrlichen Gem\u00fcsesorten erh\u00e4lt, die f\u00fcr seine Herstellung verwendet werden und die aus der Region stammen.\" \/>\n<meta property=\"og:url\" content=\"https:\/\/theqbox.es\/de\/producto\/mojo-rojo-220-gr\/\" \/>\n<meta property=\"og:site_name\" content=\"The Qbox\" \/>\n<meta property=\"article:modified_time\" content=\"2023-09-22T08:14:56+00:00\" \/>\n<meta property=\"og:image\" content=\"https:\/\/theqbox.es\/wp-content\/uploads\/2023\/09\/mojo-rojo-masape-220gr.jpg\" \/>\n\t<meta property=\"og:image:width\" content=\"500\" \/>\n\t<meta property=\"og:image:height\" content=\"500\" \/>\n\t<meta property=\"og:image:type\" content=\"image\/jpeg\" \/>\n<meta name=\"twitter:card\" content=\"summary_large_image\" \/>\n<script type=\"application\/ld+json\" class=\"yoast-schema-graph\">{\"@context\":\"https:\/\/schema.org\",\"@graph\":[{\"@type\":\"WebPage\",\"@id\":\"https:\/\/theqbox.es\/de\/producto\/mojo-rojo-220-gr\/\",\"url\":\"https:\/\/theqbox.es\/de\/producto\/mojo-rojo-220-gr\/\",\"name\":\"Route Mojo 220 gr - The Qbox\",\"isPartOf\":{\"@id\":\"https:\/\/theqbox.es\/de\/#website\"},\"primaryImageOfPage\":{\"@id\":\"https:\/\/theqbox.es\/de\/producto\/mojo-rojo-220-gr\/#primaryimage\"},\"image\":{\"@id\":\"https:\/\/theqbox.es\/de\/producto\/mojo-rojo-220-gr\/#primaryimage\"},\"thumbnailUrl\":\"https:\/\/theqbox.es\/wp-content\/uploads\/2023\/09\/mojo-rojo-masape-220gr.jpg\",\"datePublished\":\"2023-09-08T11:51:32+00:00\",\"dateModified\":\"2023-09-22T08:14:56+00:00\",\"breadcrumb\":{\"@id\":\"https:\/\/theqbox.es\/de\/producto\/mojo-rojo-220-gr\/#breadcrumb\"},\"inLanguage\":\"de\",\"potentialAction\":[{\"@type\":\"ReadAction\",\"target\":[\"https:\/\/theqbox.es\/de\/producto\/mojo-rojo-220-gr\/\"]}]},{\"@type\":\"ImageObject\",\"inLanguage\":\"de\",\"@id\":\"https:\/\/theqbox.es\/de\/producto\/mojo-rojo-220-gr\/#primaryimage\",\"url\":\"https:\/\/theqbox.es\/wp-content\/uploads\/2023\/09\/mojo-rojo-masape-220gr.jpg\",\"contentUrl\":\"https:\/\/theqbox.es\/wp-content\/uploads\/2023\/09\/mojo-rojo-masape-220gr.jpg\",\"width\":500,\"height\":500},{\"@type\":\"BreadcrumbList\",\"@id\":\"https:\/\/theqbox.es\/de\/producto\/mojo-rojo-220-gr\/#breadcrumb\",\"itemListElement\":[{\"@type\":\"ListItem\",\"position\":1,\"name\":\"Inicio\",\"item\":\"https:\/\/theqbox.es\/de\/\"},{\"@type\":\"ListItem\",\"position\":2,\"name\":\"Produkte\",\"item\":\"https:\/\/theqbox.es\/de\/shop\/\"},{\"@type\":\"ListItem\",\"position\":3,\"name\":\"Gastronomie\",\"item\":\"https:\/\/theqbox.es\/de\/categoria-producto\/gastronomie\/\"},{\"@type\":\"ListItem\",\"position\":4,\"name\":\"Route Mojo 220 gr\"}]},{\"@type\":\"WebSite\",\"@id\":\"https:\/\/theqbox.es\/de\/#website\",\"url\":\"https:\/\/theqbox.es\/de\/\",\"name\":\"The Qbox\",\"description\":\"My WordPress Blog\",\"publisher\":{\"@id\":\"https:\/\/theqbox.es\/de\/#organization\"},\"potentialAction\":[{\"@type\":\"SearchAction\",\"target\":{\"@type\":\"EntryPoint\",\"urlTemplate\":\"https:\/\/theqbox.es\/de\/?s={search_term_string}\"},\"query-input\":\"required name=search_term_string\"}],\"inLanguage\":\"de\"},{\"@type\":\"Organization\",\"@id\":\"https:\/\/theqbox.es\/de\/#organization\",\"name\":\"The Qbox\",\"url\":\"https:\/\/theqbox.es\/de\/\",\"logo\":{\"@type\":\"ImageObject\",\"inLanguage\":\"de\",\"@id\":\"https:\/\/theqbox.es\/de\/#\/schema\/logo\/image\/\",\"url\":\"https:\/\/theqbox.es\/wp-content\/uploads\/2023\/09\/TheQbox-logo.svg\",\"contentUrl\":\"https:\/\/theqbox.es\/wp-content\/uploads\/2023\/09\/TheQbox-logo.svg\",\"width\":1,\"height\":1,\"caption\":\"The Qbox\"},\"image\":{\"@id\":\"https:\/\/theqbox.es\/de\/#\/schema\/logo\/image\/\"}}]}<\/script>\n<!-- \/ Yoast SEO plugin. -->","yoast_head_json":{"title":"Route Mojo 220 gr - The Qbox","robots":{"index":"index","follow":"follow","max-snippet":"max-snippet:-1","max-image-preview":"max-image-preview:large","max-video-preview":"max-video-preview:-1"},"canonical":"https:\/\/theqbox.es\/de\/producto\/mojo-rojo-220-gr\/","og_locale":"de_DE","og_type":"article","og_title":"Route Mojo 220 gr - The Qbox","og_description":"Mojo canario ist eine typische Sauce der Kanarischen Inseln, die in keinem kanarischen Haushalt fehlen darf. In diesem Fall handelt es sich um einen roten Mojo, der seine Farbe durch die verschiedenen nat\u00fcrlichen Gem\u00fcsesorten erh\u00e4lt, die f\u00fcr seine Herstellung verwendet werden und die aus der Region stammen.","og_url":"https:\/\/theqbox.es\/de\/producto\/mojo-rojo-220-gr\/","og_site_name":"The Qbox","article_modified_time":"2023-09-22T08:14:56+00:00","og_image":[{"width":500,"height":500,"url":"https:\/\/theqbox.es\/wp-content\/uploads\/2023\/09\/mojo-rojo-masape-220gr.jpg","type":"image\/jpeg"}],"twitter_card":"summary_large_image","schema":{"@context":"https:\/\/schema.org","@graph":[{"@type":"WebPage","@id":"https:\/\/theqbox.es\/de\/producto\/mojo-rojo-220-gr\/","url":"https:\/\/theqbox.es\/de\/producto\/mojo-rojo-220-gr\/","name":"Route Mojo 220 gr - The Qbox","isPartOf":{"@id":"https:\/\/theqbox.es\/de\/#website"},"primaryImageOfPage":{"@id":"https:\/\/theqbox.es\/de\/producto\/mojo-rojo-220-gr\/#primaryimage"},"image":{"@id":"https:\/\/theqbox.es\/de\/producto\/mojo-rojo-220-gr\/#primaryimage"},"thumbnailUrl":"https:\/\/theqbox.es\/wp-content\/uploads\/2023\/09\/mojo-rojo-masape-220gr.jpg","datePublished":"2023-09-08T11:51:32+00:00","dateModified":"2023-09-22T08:14:56+00:00","breadcrumb":{"@id":"https:\/\/theqbox.es\/de\/producto\/mojo-rojo-220-gr\/#breadcrumb"},"inLanguage":"de","potentialAction":[{"@type":"ReadAction","target":["https:\/\/theqbox.es\/de\/producto\/mojo-rojo-220-gr\/"]}]},{"@type":"ImageObject","inLanguage":"de","@id":"https:\/\/theqbox.es\/de\/producto\/mojo-rojo-220-gr\/#primaryimage","url":"https:\/\/theqbox.es\/wp-content\/uploads\/2023\/09\/mojo-rojo-masape-220gr.jpg","contentUrl":"https:\/\/theqbox.es\/wp-content\/uploads\/2023\/09\/mojo-rojo-masape-220gr.jpg","width":500,"height":500},{"@type":"BreadcrumbList","@id":"https:\/\/theqbox.es\/de\/producto\/mojo-rojo-220-gr\/#breadcrumb","itemListElement":[{"@type":"ListItem","position":1,"name":"Inicio","item":"https:\/\/theqbox.es\/de\/"},{"@type":"ListItem","position":2,"name":"Produkte","item":"https:\/\/theqbox.es\/de\/shop\/"},{"@type":"ListItem","position":3,"name":"Gastronomie","item":"https:\/\/theqbox.es\/de\/categoria-producto\/gastronomie\/"},{"@type":"ListItem","position":4,"name":"Route Mojo 220 gr"}]},{"@type":"WebSite","@id":"https:\/\/theqbox.es\/de\/#website","url":"https:\/\/theqbox.es\/de\/","name":"The Qbox","description":"My WordPress Blog","publisher":{"@id":"https:\/\/theqbox.es\/de\/#organization"},"potentialAction":[{"@type":"SearchAction","target":{"@type":"EntryPoint","urlTemplate":"https:\/\/theqbox.es\/de\/?s={search_term_string}"},"query-input":"required name=search_term_string"}],"inLanguage":"de"},{"@type":"Organization","@id":"https:\/\/theqbox.es\/de\/#organization","name":"The Qbox","url":"https:\/\/theqbox.es\/de\/","logo":{"@type":"ImageObject","inLanguage":"de","@id":"https:\/\/theqbox.es\/de\/#\/schema\/logo\/image\/","url":"https:\/\/theqbox.es\/wp-content\/uploads\/2023\/09\/TheQbox-logo.svg","contentUrl":"https:\/\/theqbox.es\/wp-content\/uploads\/2023\/09\/TheQbox-logo.svg","width":1,"height":1,"caption":"The Qbox"},"image":{"@id":"https:\/\/theqbox.es\/de\/#\/schema\/logo\/image\/"}}]}},"_links":{"self":[{"href":"https:\/\/theqbox.es\/de\/wp-json\/wp\/v2\/product\/790","targetHints":{"allow":["GET"]}}],"collection":[{"href":"https:\/\/theqbox.es\/de\/wp-json\/wp\/v2\/product"}],"about":[{"href":"https:\/\/theqbox.es\/de\/wp-json\/wp\/v2\/types\/product"}],"replies":[{"embeddable":true,"href":"https:\/\/theqbox.es\/de\/wp-json\/wp\/v2\/comments?post=790"}],"wp:featuredmedia":[{"embeddable":true,"href":"https:\/\/theqbox.es\/de\/wp-json\/wp\/v2\/media\/992"}],"wp:attachment":[{"href":"https:\/\/theqbox.es\/de\/wp-json\/wp\/v2\/media?parent=790"}],"wp:term":[{"taxonomy":"product_cat","embeddable":true,"href":"https:\/\/theqbox.es\/de\/wp-json\/wp\/v2\/product_cat?post=790"},{"taxonomy":"product_tag","embeddable":true,"href":"https:\/\/theqbox.es\/de\/wp-json\/wp\/v2\/product_tag?post=790"}],"curies":[{"name":"wp","href":"https:\/\/api.w.org\/{rel}","templated":true}]}}