{"id":788,"date":"2023-09-08T11:51:12","date_gmt":"2023-09-08T11:51:12","guid":{"rendered":"https:\/\/theqbox.es\/producto\/almogrote-220-gr\/"},"modified":"2023-09-22T08:00:36","modified_gmt":"2023-09-22T08:00:36","slug":"almogrote-220-gr","status":"publish","type":"product","link":"https:\/\/theqbox.es\/de\/producto\/almogrote-220-gr\/","title":{"rendered":"Almogrote 220 gr"},"content":{"rendered":"","protected":false},"excerpt":{"rendered":"<p>Der gomerische Almogrote ist ein Produkt, das zu 100% aus nat\u00fcrlichen Zutaten hergestellt wird, ohne Herbizide oder Pestizide und lokal produziert. Er wird aus kanarischem K\u00e4se, \u00d6l, Knoblauch und Pfeffer hergestellt. Er wird in einem 220g-Glas mit luftdichtem Verschluss pr\u00e4sentiert.<\/p>\n","protected":false},"featured_media":1004,"comment_status":"open","ping_status":"closed","template":"","meta":[],"product_cat":[34],"product_tag":[],"class_list":{"0":"post-788","1":"product","2":"type-product","3":"status-publish","4":"has-post-thumbnail","6":"product_cat-gastronomie","8":"first","9":"outofstock","10":"shipping-taxable","11":"product-type-simple"},"yoast_head":"<!-- This site is optimized with the Yoast SEO plugin v23.1 - https:\/\/yoast.com\/wordpress\/plugins\/seo\/ -->\n<title>Almogrote 220 gr - The Qbox<\/title>\n<meta name=\"robots\" content=\"index, follow, max-snippet:-1, max-image-preview:large, max-video-preview:-1\" \/>\n<link rel=\"canonical\" href=\"https:\/\/theqbox.es\/de\/producto\/almogrote-220-gr\/\" \/>\n<meta property=\"og:locale\" content=\"de_DE\" \/>\n<meta property=\"og:type\" content=\"article\" \/>\n<meta property=\"og:title\" content=\"Almogrote 220 gr - The Qbox\" \/>\n<meta property=\"og:description\" content=\"Der gomerische Almogrote ist ein Produkt, das zu 100% aus nat\u00fcrlichen Zutaten hergestellt wird, ohne Herbizide oder Pestizide und lokal produziert. Er wird aus kanarischem K\u00e4se, \u00d6l, Knoblauch und Pfeffer hergestellt. Er wird in einem 220g-Glas mit luftdichtem Verschluss pr\u00e4sentiert.\" \/>\n<meta property=\"og:url\" content=\"https:\/\/theqbox.es\/de\/producto\/almogrote-220-gr\/\" \/>\n<meta property=\"og:site_name\" content=\"The Qbox\" \/>\n<meta property=\"article:modified_time\" content=\"2023-09-22T08:00:36+00:00\" \/>\n<meta property=\"og:image\" content=\"https:\/\/theqbox.es\/wp-content\/uploads\/2023\/09\/almogrote-220gr-masape.jpg\" \/>\n\t<meta property=\"og:image:width\" content=\"500\" \/>\n\t<meta property=\"og:image:height\" content=\"500\" \/>\n\t<meta property=\"og:image:type\" content=\"image\/jpeg\" \/>\n<meta name=\"twitter:card\" content=\"summary_large_image\" \/>\n<script type=\"application\/ld+json\" class=\"yoast-schema-graph\">{\"@context\":\"https:\/\/schema.org\",\"@graph\":[{\"@type\":\"WebPage\",\"@id\":\"https:\/\/theqbox.es\/de\/producto\/almogrote-220-gr\/\",\"url\":\"https:\/\/theqbox.es\/de\/producto\/almogrote-220-gr\/\",\"name\":\"Almogrote 220 gr - The Qbox\",\"isPartOf\":{\"@id\":\"https:\/\/theqbox.es\/de\/#website\"},\"primaryImageOfPage\":{\"@id\":\"https:\/\/theqbox.es\/de\/producto\/almogrote-220-gr\/#primaryimage\"},\"image\":{\"@id\":\"https:\/\/theqbox.es\/de\/producto\/almogrote-220-gr\/#primaryimage\"},\"thumbnailUrl\":\"https:\/\/theqbox.es\/wp-content\/uploads\/2023\/09\/almogrote-220gr-masape.jpg\",\"datePublished\":\"2023-09-08T11:51:12+00:00\",\"dateModified\":\"2023-09-22T08:00:36+00:00\",\"breadcrumb\":{\"@id\":\"https:\/\/theqbox.es\/de\/producto\/almogrote-220-gr\/#breadcrumb\"},\"inLanguage\":\"de\",\"potentialAction\":[{\"@type\":\"ReadAction\",\"target\":[\"https:\/\/theqbox.es\/de\/producto\/almogrote-220-gr\/\"]}]},{\"@type\":\"ImageObject\",\"inLanguage\":\"de\",\"@id\":\"https:\/\/theqbox.es\/de\/producto\/almogrote-220-gr\/#primaryimage\",\"url\":\"https:\/\/theqbox.es\/wp-content\/uploads\/2023\/09\/almogrote-220gr-masape.jpg\",\"contentUrl\":\"https:\/\/theqbox.es\/wp-content\/uploads\/2023\/09\/almogrote-220gr-masape.jpg\",\"width\":500,\"height\":500},{\"@type\":\"BreadcrumbList\",\"@id\":\"https:\/\/theqbox.es\/de\/producto\/almogrote-220-gr\/#breadcrumb\",\"itemListElement\":[{\"@type\":\"ListItem\",\"position\":1,\"name\":\"Inicio\",\"item\":\"https:\/\/theqbox.es\/de\/\"},{\"@type\":\"ListItem\",\"position\":2,\"name\":\"Produkte\",\"item\":\"https:\/\/theqbox.es\/de\/shop\/\"},{\"@type\":\"ListItem\",\"position\":3,\"name\":\"Gastronomie\",\"item\":\"https:\/\/theqbox.es\/de\/categoria-producto\/gastronomie\/\"},{\"@type\":\"ListItem\",\"position\":4,\"name\":\"Almogrote 220 gr\"}]},{\"@type\":\"WebSite\",\"@id\":\"https:\/\/theqbox.es\/de\/#website\",\"url\":\"https:\/\/theqbox.es\/de\/\",\"name\":\"The Qbox\",\"description\":\"My WordPress Blog\",\"publisher\":{\"@id\":\"https:\/\/theqbox.es\/de\/#organization\"},\"potentialAction\":[{\"@type\":\"SearchAction\",\"target\":{\"@type\":\"EntryPoint\",\"urlTemplate\":\"https:\/\/theqbox.es\/de\/?s={search_term_string}\"},\"query-input\":\"required name=search_term_string\"}],\"inLanguage\":\"de\"},{\"@type\":\"Organization\",\"@id\":\"https:\/\/theqbox.es\/de\/#organization\",\"name\":\"The Qbox\",\"url\":\"https:\/\/theqbox.es\/de\/\",\"logo\":{\"@type\":\"ImageObject\",\"inLanguage\":\"de\",\"@id\":\"https:\/\/theqbox.es\/de\/#\/schema\/logo\/image\/\",\"url\":\"https:\/\/theqbox.es\/wp-content\/uploads\/2023\/09\/TheQbox-logo.svg\",\"contentUrl\":\"https:\/\/theqbox.es\/wp-content\/uploads\/2023\/09\/TheQbox-logo.svg\",\"width\":1,\"height\":1,\"caption\":\"The Qbox\"},\"image\":{\"@id\":\"https:\/\/theqbox.es\/de\/#\/schema\/logo\/image\/\"}}]}<\/script>\n<!-- \/ Yoast SEO plugin. -->","yoast_head_json":{"title":"Almogrote 220 gr - The Qbox","robots":{"index":"index","follow":"follow","max-snippet":"max-snippet:-1","max-image-preview":"max-image-preview:large","max-video-preview":"max-video-preview:-1"},"canonical":"https:\/\/theqbox.es\/de\/producto\/almogrote-220-gr\/","og_locale":"de_DE","og_type":"article","og_title":"Almogrote 220 gr - The Qbox","og_description":"Der gomerische Almogrote ist ein Produkt, das zu 100% aus nat\u00fcrlichen Zutaten hergestellt wird, ohne Herbizide oder Pestizide und lokal produziert. Er wird aus kanarischem K\u00e4se, \u00d6l, Knoblauch und Pfeffer hergestellt. Er wird in einem 220g-Glas mit luftdichtem Verschluss pr\u00e4sentiert.","og_url":"https:\/\/theqbox.es\/de\/producto\/almogrote-220-gr\/","og_site_name":"The Qbox","article_modified_time":"2023-09-22T08:00:36+00:00","og_image":[{"width":500,"height":500,"url":"https:\/\/theqbox.es\/wp-content\/uploads\/2023\/09\/almogrote-220gr-masape.jpg","type":"image\/jpeg"}],"twitter_card":"summary_large_image","schema":{"@context":"https:\/\/schema.org","@graph":[{"@type":"WebPage","@id":"https:\/\/theqbox.es\/de\/producto\/almogrote-220-gr\/","url":"https:\/\/theqbox.es\/de\/producto\/almogrote-220-gr\/","name":"Almogrote 220 gr - The Qbox","isPartOf":{"@id":"https:\/\/theqbox.es\/de\/#website"},"primaryImageOfPage":{"@id":"https:\/\/theqbox.es\/de\/producto\/almogrote-220-gr\/#primaryimage"},"image":{"@id":"https:\/\/theqbox.es\/de\/producto\/almogrote-220-gr\/#primaryimage"},"thumbnailUrl":"https:\/\/theqbox.es\/wp-content\/uploads\/2023\/09\/almogrote-220gr-masape.jpg","datePublished":"2023-09-08T11:51:12+00:00","dateModified":"2023-09-22T08:00:36+00:00","breadcrumb":{"@id":"https:\/\/theqbox.es\/de\/producto\/almogrote-220-gr\/#breadcrumb"},"inLanguage":"de","potentialAction":[{"@type":"ReadAction","target":["https:\/\/theqbox.es\/de\/producto\/almogrote-220-gr\/"]}]},{"@type":"ImageObject","inLanguage":"de","@id":"https:\/\/theqbox.es\/de\/producto\/almogrote-220-gr\/#primaryimage","url":"https:\/\/theqbox.es\/wp-content\/uploads\/2023\/09\/almogrote-220gr-masape.jpg","contentUrl":"https:\/\/theqbox.es\/wp-content\/uploads\/2023\/09\/almogrote-220gr-masape.jpg","width":500,"height":500},{"@type":"BreadcrumbList","@id":"https:\/\/theqbox.es\/de\/producto\/almogrote-220-gr\/#breadcrumb","itemListElement":[{"@type":"ListItem","position":1,"name":"Inicio","item":"https:\/\/theqbox.es\/de\/"},{"@type":"ListItem","position":2,"name":"Produkte","item":"https:\/\/theqbox.es\/de\/shop\/"},{"@type":"ListItem","position":3,"name":"Gastronomie","item":"https:\/\/theqbox.es\/de\/categoria-producto\/gastronomie\/"},{"@type":"ListItem","position":4,"name":"Almogrote 220 gr"}]},{"@type":"WebSite","@id":"https:\/\/theqbox.es\/de\/#website","url":"https:\/\/theqbox.es\/de\/","name":"The Qbox","description":"My WordPress Blog","publisher":{"@id":"https:\/\/theqbox.es\/de\/#organization"},"potentialAction":[{"@type":"SearchAction","target":{"@type":"EntryPoint","urlTemplate":"https:\/\/theqbox.es\/de\/?s={search_term_string}"},"query-input":"required name=search_term_string"}],"inLanguage":"de"},{"@type":"Organization","@id":"https:\/\/theqbox.es\/de\/#organization","name":"The Qbox","url":"https:\/\/theqbox.es\/de\/","logo":{"@type":"ImageObject","inLanguage":"de","@id":"https:\/\/theqbox.es\/de\/#\/schema\/logo\/image\/","url":"https:\/\/theqbox.es\/wp-content\/uploads\/2023\/09\/TheQbox-logo.svg","contentUrl":"https:\/\/theqbox.es\/wp-content\/uploads\/2023\/09\/TheQbox-logo.svg","width":1,"height":1,"caption":"The Qbox"},"image":{"@id":"https:\/\/theqbox.es\/de\/#\/schema\/logo\/image\/"}}]}},"_links":{"self":[{"href":"https:\/\/theqbox.es\/de\/wp-json\/wp\/v2\/product\/788","targetHints":{"allow":["GET"]}}],"collection":[{"href":"https:\/\/theqbox.es\/de\/wp-json\/wp\/v2\/product"}],"about":[{"href":"https:\/\/theqbox.es\/de\/wp-json\/wp\/v2\/types\/product"}],"replies":[{"embeddable":true,"href":"https:\/\/theqbox.es\/de\/wp-json\/wp\/v2\/comments?post=788"}],"wp:featuredmedia":[{"embeddable":true,"href":"https:\/\/theqbox.es\/de\/wp-json\/wp\/v2\/media\/1004"}],"wp:attachment":[{"href":"https:\/\/theqbox.es\/de\/wp-json\/wp\/v2\/media?parent=788"}],"wp:term":[{"taxonomy":"product_cat","embeddable":true,"href":"https:\/\/theqbox.es\/de\/wp-json\/wp\/v2\/product_cat?post=788"},{"taxonomy":"product_tag","embeddable":true,"href":"https:\/\/theqbox.es\/de\/wp-json\/wp\/v2\/product_tag?post=788"}],"curies":[{"name":"wp","href":"https:\/\/api.w.org\/{rel}","templated":true}]}}