{"id":779,"date":"2023-09-06T10:05:20","date_gmt":"2023-09-06T10:05:20","guid":{"rendered":"https:\/\/theqbox.es\/unser-engagement\/"},"modified":"2023-09-20T08:39:26","modified_gmt":"2023-09-20T08:39:26","slug":"unser-engagement","status":"publish","type":"page","link":"https:\/\/theqbox.es\/de\/unser-engagement\/","title":{"rendered":"Unser Engagement"},"content":{"rendered":"<section class=\"wpb-content-wrapper\"><p>[vc_row css_animation=&#8220;&#8220; row_type=&#8220;row&#8220; use_row_as_full_screen_section=&#8220;no&#8220; type=&#8220;full_width&#8220; angled_section=&#8220;no&#8220; text_align=&#8220;left&#8220; background_image_as_pattern=&#8220;without_pattern&#8220; css=&#8220;.vc_custom_1693991690877{background-color: #efe6d9 !important;}&#8220; z_index=&#8220;&#8220;][vc_column width=&#8220;1\/12&#8243;][\/vc_column][vc_column width=&#8220;10\/12&#8243;][vc_empty_space height=&#8220;80px&#8220;][vc_column_text]<\/p>\n<h1>Unser<br \/>\nEngagement.<\/h1>\n<p>[\/vc_column_text][vc_empty_space height=&#8220;100px&#8220;][\/vc_column][vc_column width=&#8220;1\/12&#8243;][\/vc_column][\/vc_row][vc_row css_animation=&#8220;&#8220; row_type=&#8220;row&#8220; use_row_as_full_screen_section=&#8220;no&#8220; type=&#8220;full_width&#8220; angled_section=&#8220;no&#8220; text_align=&#8220;left&#8220; background_image_as_pattern=&#8220;without_pattern&#8220;][vc_column][vc_empty_space height=&#8220;50px&#8220;][\/vc_column][\/vc_row][vc_row css_animation=&#8220;&#8220; row_type=&#8220;row&#8220; use_row_as_full_screen_section=&#8220;no&#8220; type=&#8220;full_width&#8220; angled_section=&#8220;no&#8220; text_align=&#8220;left&#8220; background_image_as_pattern=&#8220;without_pattern&#8220;][vc_column][vc_column_text]Unsere Hauptziele sind die <strong>Ausweitung und Verbesserung<\/strong>unseres Qualit\u00e4tsanspruchs wie man in das <strong>Corporate Social Responsibility <\/strong>-Projekt eintaucht und es versucht die wichtigsten ethischen Pflichten des Unternehmens gegen\u00fcber Arbeitnehmern und Arbeitnehmern einhalten Gemeinschaft, wie zum Beispiel:<\/p>\n<ul class=\"lista-repo\">\n<li>Die Gesellschaft mit n\u00fctzlichen Produkten und zu fairen Bedingungen bedienen.<\/li>\n<li>Schaffen Sie Wohlstand auf die effektivste Art und Weise.<\/li>\n<li>Respektieren Sie die Menschenrechte mit angemessenen Arbeitsbedingungen F\u00f6rderung von Gesundheit und Sicherheit am Arbeitsplatz sowie der menschlichen und beruflichen Entwicklung der Mitarbeiter. Arbeitskr\u00e4fte.<\/li>\n<li>Streben Sie nach der Kontinuit\u00e4t des Unternehmens und erzielen Sie, wenn m\u00f6glich, ein angemessenes Wachstum.<\/li>\n<li>Respektieren Sie die Umwelt und vermeiden Sie jede Art von Kontamination so weit wie m\u00f6glich. Minimierung der Abfallerzeugung und Rationalisierung der Ressourcennutzung nat\u00fcrlich und energisch.<\/li>\n<li>Halten Sie sich strikt an die Gesetze, Vorschriften, Normen und Gepflogenheiten und respektieren Sie die legitime Vertr\u00e4ge und Verpflichtungen erworben.<\/li>\n<li>\u00dcberwachung der Einhaltung gesetzlicher Vorschriften durch das Unternehmen.<\/li>\n<li>Marketing und Aufbau der Unternehmensreputation.<\/li>\n<li>Aufrechterhaltung der Gesch\u00e4ftsethik und Bek\u00e4mpfung der Korruption.<\/li>\n<li>\u00dcberwachung der Arbeitsbedingungen und der Gesundheit der Arbeitnehmer.<\/li>\n<li>\u00dcberwachung des Ressourcen- und Abfallmanagements.<\/li>\n<li>\u00dcberpr\u00fcfung der Energieeffizienz des Unternehmens.<\/li>\n<li>Kampf gegen den Klimawandel.<\/li>\n<li>Umwelt- und soziale Risikobewertung.<\/li>\n<li>\u00dcberwachung der Angemessenheit der Lieferkette.<\/li>\n<li>Entwurf und Umsetzung von Unternehmenspartnerschafts- und Kooperationsstrategien.<\/li>\n<li>Verbraucher, lokale Gemeinschaften und den Rest der Gesellschaft einbeziehen.<\/li>\n<li>Beziehen Sie die Mitarbeiter in gute CSR-Praktiken ein.<\/li>\n<\/ul>\n<p><strong>TheQBox<\/strong> setzt sich daf\u00fcr ein, die <strong>verantwortungsvolle.<\/strong> Entwicklung unseres Unternehmens zu f\u00f6rdern Aktivit\u00e4t, immer unter Ber\u00fccksichtigung der daran beteiligten Akteure: Arbeitnehmer, Kunden, Lieferanten und die Gesellschaft im Allgemeinen.<\/p>\n<p>Dar\u00fcber hinaus sind die <strong>Mitarbeiter<\/strong> das wichtigste <strong>Kapital eines Unternehmens<\/strong>. Deshalb ist die Personalressourcen von TheQBox m\u00fcssen die Werte des Unternehmens an die Kunden weitergeben bieten qualitativ hochwertigen Service.[\/vc_column_text][\/vc_column][\/vc_row][vc_row css_animation=&#8220;&#8220; row_type=&#8220;row&#8220; use_row_as_full_screen_section=&#8220;no&#8220; type=&#8220;full_width&#8220; angled_section=&#8220;no&#8220; text_align=&#8220;left&#8220; background_image_as_pattern=&#8220;without_pattern&#8220;][vc_column][vc_empty_space height=&#8220;100px&#8220;][\/vc_column][\/vc_row]<\/p>\n<\/section>","protected":false},"excerpt":{"rendered":"<p>[vc_row css_animation=&#8220;&#8220; row_type=&#8220;row&#8220; use_row_as_full_screen_section=&#8220;no&#8220; type=&#8220;full_width&#8220; angled_section=&#8220;no&#8220; text_align=&#8220;left&#8220; background_image_as_pattern=&#8220;without_pattern&#8220; css=&#8220;.vc_custom_1693991690877{background-color: #efe6d9 !important;}&#8220; z_index=&#8220;&#8220;][vc_column width=&#8220;1\/12&#8243;][\/vc_column][vc_column width=&#8220;10\/12&#8243;][vc_empty_space height=&#8220;80px&#8220;][vc_column_text] Unser Engagement. [\/vc_column_text][vc_empty_space height=&#8220;100px&#8220;][\/vc_column][vc_column width=&#8220;1\/12&#8243;][\/vc_column][\/vc_row][vc_row css_animation=&#8220;&#8220; row_type=&#8220;row&#8220; use_row_as_full_screen_section=&#8220;no&#8220; type=&#8220;full_width&#8220; angled_section=&#8220;no&#8220; text_align=&#8220;left&#8220; background_image_as_pattern=&#8220;without_pattern&#8220;][vc_column][vc_empty_space height=&#8220;50px&#8220;][\/vc_column][\/vc_row][vc_row css_animation=&#8220;&#8220; row_type=&#8220;row&#8220; use_row_as_full_screen_section=&#8220;no&#8220; type=&#8220;full_width&#8220; angled_section=&#8220;no&#8220; text_align=&#8220;left&#8220; background_image_as_pattern=&#8220;without_pattern&#8220;][vc_column][vc_column_text]Unsere Hauptziele sind die Ausweitung und Verbesserungunseres Qualit\u00e4tsanspruchs wie man in&#8230;<\/p>\n","protected":false},"author":1,"featured_media":0,"parent":0,"menu_order":0,"comment_status":"closed","ping_status":"closed","template":"full_width.php","meta":{"footnotes":""},"class_list":["post-779","page","type-page","status-publish","hentry"],"yoast_head":"<!-- This site is optimized with the Yoast SEO plugin v23.1 - https:\/\/yoast.com\/wordpress\/plugins\/seo\/ -->\n<title>Unser Engagement - The Qbox<\/title>\n<meta name=\"robots\" content=\"index, follow, max-snippet:-1, max-image-preview:large, max-video-preview:-1\" \/>\n<link rel=\"canonical\" href=\"https:\/\/theqbox.es\/de\/unser-engagement\/\" \/>\n<meta property=\"og:locale\" content=\"de_DE\" \/>\n<meta property=\"og:type\" content=\"article\" \/>\n<meta property=\"og:title\" content=\"Unser Engagement - The Qbox\" \/>\n<meta property=\"og:description\" content=\"[vc_row css_animation=&#8220;&#8220; row_type=&#8220;row&#8220; use_row_as_full_screen_section=&#8220;no&#8220; type=&#8220;full_width&#8220; angled_section=&#8220;no&#8220; text_align=&#8220;left&#8220; background_image_as_pattern=&#8220;without_pattern&#8220; css=&#8220;.vc_custom_1693991690877{background-color: #efe6d9 !important;}&#8220; z_index=&#8220;&#8220;][vc_column width=&#8220;1\/12&#8243;][\/vc_column][vc_column width=&#8220;10\/12&#8243;][vc_empty_space height=&#8220;80px&#8220;][vc_column_text] Unser Engagement. [\/vc_column_text][vc_empty_space height=&#8220;100px&#8220;][\/vc_column][vc_column width=&#8220;1\/12&#8243;][\/vc_column][\/vc_row][vc_row css_animation=&#8220;&#8220; row_type=&#8220;row&#8220; use_row_as_full_screen_section=&#8220;no&#8220; type=&#8220;full_width&#8220; angled_section=&#8220;no&#8220; text_align=&#8220;left&#8220; background_image_as_pattern=&#8220;without_pattern&#8220;][vc_column][vc_empty_space height=&#8220;50px&#8220;][\/vc_column][\/vc_row][vc_row css_animation=&#8220;&#8220; row_type=&#8220;row&#8220; use_row_as_full_screen_section=&#8220;no&#8220; type=&#8220;full_width&#8220; angled_section=&#8220;no&#8220; text_align=&#8220;left&#8220; background_image_as_pattern=&#8220;without_pattern&#8220;][vc_column][vc_column_text]Unsere Hauptziele sind die Ausweitung und Verbesserungunseres Qualit\u00e4tsanspruchs wie man in...\" \/>\n<meta property=\"og:url\" content=\"https:\/\/theqbox.es\/de\/unser-engagement\/\" \/>\n<meta property=\"og:site_name\" content=\"The Qbox\" \/>\n<meta property=\"article:modified_time\" content=\"2023-09-20T08:39:26+00:00\" \/>\n<meta name=\"twitter:card\" content=\"summary_large_image\" \/>\n<meta name=\"twitter:label1\" content=\"Gesch\u00e4tzte Lesezeit\" \/>\n\t<meta name=\"twitter:data1\" content=\"2\u00a0Minuten\" \/>\n<script type=\"application\/ld+json\" class=\"yoast-schema-graph\">{\"@context\":\"https:\/\/schema.org\",\"@graph\":[{\"@type\":\"WebPage\",\"@id\":\"https:\/\/theqbox.es\/de\/unser-engagement\/\",\"url\":\"https:\/\/theqbox.es\/de\/unser-engagement\/\",\"name\":\"Unser Engagement - The Qbox\",\"isPartOf\":{\"@id\":\"https:\/\/theqbox.es\/de\/#website\"},\"datePublished\":\"2023-09-06T10:05:20+00:00\",\"dateModified\":\"2023-09-20T08:39:26+00:00\",\"breadcrumb\":{\"@id\":\"https:\/\/theqbox.es\/de\/unser-engagement\/#breadcrumb\"},\"inLanguage\":\"de\",\"potentialAction\":[{\"@type\":\"ReadAction\",\"target\":[\"https:\/\/theqbox.es\/de\/unser-engagement\/\"]}]},{\"@type\":\"BreadcrumbList\",\"@id\":\"https:\/\/theqbox.es\/de\/unser-engagement\/#breadcrumb\",\"itemListElement\":[{\"@type\":\"ListItem\",\"position\":1,\"name\":\"Inicio\",\"item\":\"https:\/\/theqbox.es\/de\/\"},{\"@type\":\"ListItem\",\"position\":2,\"name\":\"Unser Engagement\"}]},{\"@type\":\"WebSite\",\"@id\":\"https:\/\/theqbox.es\/de\/#website\",\"url\":\"https:\/\/theqbox.es\/de\/\",\"name\":\"The Qbox\",\"description\":\"My WordPress Blog\",\"publisher\":{\"@id\":\"https:\/\/theqbox.es\/de\/#organization\"},\"potentialAction\":[{\"@type\":\"SearchAction\",\"target\":{\"@type\":\"EntryPoint\",\"urlTemplate\":\"https:\/\/theqbox.es\/de\/?s={search_term_string}\"},\"query-input\":\"required name=search_term_string\"}],\"inLanguage\":\"de\"},{\"@type\":\"Organization\",\"@id\":\"https:\/\/theqbox.es\/de\/#organization\",\"name\":\"The Qbox\",\"url\":\"https:\/\/theqbox.es\/de\/\",\"logo\":{\"@type\":\"ImageObject\",\"inLanguage\":\"de\",\"@id\":\"https:\/\/theqbox.es\/de\/#\/schema\/logo\/image\/\",\"url\":\"https:\/\/theqbox.es\/wp-content\/uploads\/2023\/09\/TheQbox-logo.svg\",\"contentUrl\":\"https:\/\/theqbox.es\/wp-content\/uploads\/2023\/09\/TheQbox-logo.svg\",\"width\":1,\"height\":1,\"caption\":\"The Qbox\"},\"image\":{\"@id\":\"https:\/\/theqbox.es\/de\/#\/schema\/logo\/image\/\"}}]}<\/script>\n<!-- \/ Yoast SEO plugin. -->","yoast_head_json":{"title":"Unser Engagement - The Qbox","robots":{"index":"index","follow":"follow","max-snippet":"max-snippet:-1","max-image-preview":"max-image-preview:large","max-video-preview":"max-video-preview:-1"},"canonical":"https:\/\/theqbox.es\/de\/unser-engagement\/","og_locale":"de_DE","og_type":"article","og_title":"Unser Engagement - The Qbox","og_description":"[vc_row css_animation=&#8220;&#8220; row_type=&#8220;row&#8220; use_row_as_full_screen_section=&#8220;no&#8220; type=&#8220;full_width&#8220; angled_section=&#8220;no&#8220; text_align=&#8220;left&#8220; background_image_as_pattern=&#8220;without_pattern&#8220; css=&#8220;.vc_custom_1693991690877{background-color: #efe6d9 !important;}&#8220; z_index=&#8220;&#8220;][vc_column width=&#8220;1\/12&#8243;][\/vc_column][vc_column width=&#8220;10\/12&#8243;][vc_empty_space height=&#8220;80px&#8220;][vc_column_text] Unser Engagement. [\/vc_column_text][vc_empty_space height=&#8220;100px&#8220;][\/vc_column][vc_column width=&#8220;1\/12&#8243;][\/vc_column][\/vc_row][vc_row css_animation=&#8220;&#8220; row_type=&#8220;row&#8220; use_row_as_full_screen_section=&#8220;no&#8220; type=&#8220;full_width&#8220; angled_section=&#8220;no&#8220; text_align=&#8220;left&#8220; background_image_as_pattern=&#8220;without_pattern&#8220;][vc_column][vc_empty_space height=&#8220;50px&#8220;][\/vc_column][\/vc_row][vc_row css_animation=&#8220;&#8220; row_type=&#8220;row&#8220; use_row_as_full_screen_section=&#8220;no&#8220; type=&#8220;full_width&#8220; angled_section=&#8220;no&#8220; text_align=&#8220;left&#8220; background_image_as_pattern=&#8220;without_pattern&#8220;][vc_column][vc_column_text]Unsere Hauptziele sind die Ausweitung und Verbesserungunseres Qualit\u00e4tsanspruchs wie man in...","og_url":"https:\/\/theqbox.es\/de\/unser-engagement\/","og_site_name":"The Qbox","article_modified_time":"2023-09-20T08:39:26+00:00","twitter_card":"summary_large_image","twitter_misc":{"Gesch\u00e4tzte Lesezeit":"2\u00a0Minuten"},"schema":{"@context":"https:\/\/schema.org","@graph":[{"@type":"WebPage","@id":"https:\/\/theqbox.es\/de\/unser-engagement\/","url":"https:\/\/theqbox.es\/de\/unser-engagement\/","name":"Unser Engagement - The Qbox","isPartOf":{"@id":"https:\/\/theqbox.es\/de\/#website"},"datePublished":"2023-09-06T10:05:20+00:00","dateModified":"2023-09-20T08:39:26+00:00","breadcrumb":{"@id":"https:\/\/theqbox.es\/de\/unser-engagement\/#breadcrumb"},"inLanguage":"de","potentialAction":[{"@type":"ReadAction","target":["https:\/\/theqbox.es\/de\/unser-engagement\/"]}]},{"@type":"BreadcrumbList","@id":"https:\/\/theqbox.es\/de\/unser-engagement\/#breadcrumb","itemListElement":[{"@type":"ListItem","position":1,"name":"Inicio","item":"https:\/\/theqbox.es\/de\/"},{"@type":"ListItem","position":2,"name":"Unser Engagement"}]},{"@type":"WebSite","@id":"https:\/\/theqbox.es\/de\/#website","url":"https:\/\/theqbox.es\/de\/","name":"The Qbox","description":"My WordPress Blog","publisher":{"@id":"https:\/\/theqbox.es\/de\/#organization"},"potentialAction":[{"@type":"SearchAction","target":{"@type":"EntryPoint","urlTemplate":"https:\/\/theqbox.es\/de\/?s={search_term_string}"},"query-input":"required name=search_term_string"}],"inLanguage":"de"},{"@type":"Organization","@id":"https:\/\/theqbox.es\/de\/#organization","name":"The Qbox","url":"https:\/\/theqbox.es\/de\/","logo":{"@type":"ImageObject","inLanguage":"de","@id":"https:\/\/theqbox.es\/de\/#\/schema\/logo\/image\/","url":"https:\/\/theqbox.es\/wp-content\/uploads\/2023\/09\/TheQbox-logo.svg","contentUrl":"https:\/\/theqbox.es\/wp-content\/uploads\/2023\/09\/TheQbox-logo.svg","width":1,"height":1,"caption":"The Qbox"},"image":{"@id":"https:\/\/theqbox.es\/de\/#\/schema\/logo\/image\/"}}]}},"_links":{"self":[{"href":"https:\/\/theqbox.es\/de\/wp-json\/wp\/v2\/pages\/779","targetHints":{"allow":["GET"]}}],"collection":[{"href":"https:\/\/theqbox.es\/de\/wp-json\/wp\/v2\/pages"}],"about":[{"href":"https:\/\/theqbox.es\/de\/wp-json\/wp\/v2\/types\/page"}],"author":[{"embeddable":true,"href":"https:\/\/theqbox.es\/de\/wp-json\/wp\/v2\/users\/1"}],"replies":[{"embeddable":true,"href":"https:\/\/theqbox.es\/de\/wp-json\/wp\/v2\/comments?post=779"}],"version-history":[{"count":3,"href":"https:\/\/theqbox.es\/de\/wp-json\/wp\/v2\/pages\/779\/revisions"}],"predecessor-version":[{"id":786,"href":"https:\/\/theqbox.es\/de\/wp-json\/wp\/v2\/pages\/779\/revisions\/786"}],"wp:attachment":[{"href":"https:\/\/theqbox.es\/de\/wp-json\/wp\/v2\/media?parent=779"}],"curies":[{"name":"wp","href":"https:\/\/api.w.org\/{rel}","templated":true}]}}