{"id":1225,"date":"2023-09-07T10:29:52","date_gmt":"2023-09-07T10:29:52","guid":{"rendered":"https:\/\/theqbox.es\/indikatoren-kanarisches-transparenzgesetz\/"},"modified":"2023-10-16T09:34:05","modified_gmt":"2023-10-16T09:34:05","slug":"indikatoren-kanarisches-transparenzgesetz","status":"publish","type":"page","link":"https:\/\/theqbox.es\/de\/indikatoren-kanarisches-transparenzgesetz\/","title":{"rendered":"Indikatoren Kanarisches Transparenzgesetz"},"content":{"rendered":"<section class=\"wpb-content-wrapper\"><p>[vc_row css_animation=&#8220;&#8220; row_type=&#8220;row&#8220; use_row_as_full_screen_section=&#8220;no&#8220; type=&#8220;full_width&#8220; angled_section=&#8220;no&#8220; text_align=&#8220;left&#8220; background_image_as_pattern=&#8220;without_pattern&#8220; css=&#8220;.vc_custom_1693991690877{background-color: #efe6d9 !important;}&#8220; z_index=&#8220;&#8220;][vc_column width=&#8220;1\/12&#8243;][\/vc_column][vc_column width=&#8220;10\/12&#8243;][vc_empty_space height=&#8220;80px&#8220;][vc_column_text]<\/p>\n<h1>Indicadores Ley Canaria de Transparencia.<\/h1>\n<p>[\/vc_column_text][vc_empty_space height=&#8220;100px&#8220;][\/vc_column][vc_column width=&#8220;1\/12&#8243;][\/vc_column][\/vc_row][vc_row css_animation=&#8220;&#8220; row_type=&#8220;row&#8220; use_row_as_full_screen_section=&#8220;no&#8220; type=&#8220;full_width&#8220; angled_section=&#8220;no&#8220; text_align=&#8220;left&#8220; background_image_as_pattern=&#8220;without_pattern&#8220;][vc_column][vc_empty_space height=&#8220;50px&#8220;][\/vc_column][\/vc_row][vc_row css_animation=&#8220;&#8220; row_type=&#8220;row&#8220; use_row_as_full_screen_section=&#8220;no&#8220; type=&#8220;grid&#8220; angled_section=&#8220;no&#8220; text_align=&#8220;left&#8220; background_image_as_pattern=&#8220;without_pattern&#8220; z_index=&#8220;&#8220;][vc_column][vc_column_text]<strong>INSTITUCIONAL<\/strong><\/p>\n<p><strong>INFORMACI\u00d3N GENERAL<\/strong><\/p>\n<p><span style=\"text-decoration: underline;\">1002 \u2013 Normativa aplicable a la entidad.<\/span><\/p>\n<p>TIENDAS Y MUSEOS CANARIOS, en cumplimiento de la legislaci\u00f3n vigente, para reforzar la transparencia de la actividad p\u00fablica, as\u00ed como regular y garantizar el derecho de acceso a la informaci\u00f3n relativa a su actividad y las obligaciones de buen gobierno que debe cumplir como entidad, pone a disposici\u00f3n de la ciudadan\u00eda un Portal de Transparencia para que acceda a la informaci\u00f3n p\u00fablica relativa a este organismo de manera f\u00e1cil y sencilla.<\/p>\n<p>Adem\u00e1s de la informaci\u00f3n que se publica en nuestro portal, toda la ciudadan\u00eda puede acceder a la informaci\u00f3n p\u00fablica, en los t\u00e9rminos previstos en la Ley 19\/2019, de 9 de diciembre, de transparencia, acceso a la informaci\u00f3n p\u00fablica y buen gobierno la Ley 12\/2014 de transparencia y de acceso a la informaci\u00f3n p\u00fablica; Real Decreto 1112\/2018, de 7 de septiembre, sobre accesibilidad se los sitios web y aplicaciones para dispositivos m\u00f3viles del sector p\u00fablico y en el resto del ordenamiento jur\u00eddico.<\/p>\n<p>&nbsp;<\/p>\n<p><span style=\"text-decoration: underline;\">1004 \u2013 Informaci\u00f3n relativa a las funciones que desarrolla la entidad.<\/span><\/p>\n<p>TIENDAS Y MUSEOS CANARIOS, tiene como objeto el comercio al por menor y al por mayor de art\u00edculos de regalo, producto canario, artesan\u00eda canaria y souvenir.<\/p>\n<p>&nbsp;<\/p>\n<p><strong>ORGANIZATIVA<\/strong><\/p>\n<p><strong>ESTRUCTURA ORG\u00c1NICA<\/strong><\/p>\n<p><span style=\"text-decoration: underline;\">1018 \u2013 Organigrama de la entidad.<\/span><\/p>\n<p>Administrador \u00fanico:<\/p>\n<p>Fernando Sch\u00f6nfeldt Lecuona.<\/p>\n<p>Empleados:<\/p>\n<table width=\"730\">\n<tbody>\n<tr>\n<td width=\"293\"><strong>APELLIDOS Y NOMBRE<\/strong><\/td>\n<td width=\"273\"><strong>CARGO<\/strong><\/td>\n<\/tr>\n<tr>\n<td width=\"293\">Palenzuela Guti\u00e9rrez Remedios<\/td>\n<td width=\"273\">Dependienta de Tienda<\/td>\n<\/tr>\n<tr>\n<td width=\"293\">B\u00e1ez Marrero Mar\u00eda Candelaria<\/td>\n<td width=\"273\">Dependienta de Tienda<\/td>\n<\/tr>\n<tr>\n<td width=\"293\">Ramos Ramos Maira Dolores<\/td>\n<td width=\"273\">Dependienta de Tienda<\/td>\n<\/tr>\n<tr>\n<td width=\"293\">Ruiz Sanz Cristian<\/td>\n<td width=\"273\">Dependiente de Tienda<\/td>\n<\/tr>\n<tr>\n<td width=\"293\">Soto P\u00e9rez Mar\u00eda Magnolia<\/td>\n<td width=\"273\">Marketing E Innovaci\u00f3n<\/td>\n<\/tr>\n<\/tbody>\n<\/table>\n<p>&nbsp;<\/p>\n<p><span style=\"text-decoration: underline;\">1024 \u2013 Identificaci\u00f3n de los\/las responsables de los diferentes \u00f3rganos.<\/span><\/p>\n<p>Fernando Sch\u00f6nfeldt Lecuona, administrador \u00fanico.<\/p>\n<p><span style=\"text-decoration: underline;\">1025 \u2013 Perfil y trayectoria profesional de los\/las responsables de los diferentes \u00f3rganos.<\/span><\/p>\n<p>A continuaci\u00f3n, podr\u00e1s ver toda la informaci\u00f3n de relativa del administrador \u00fanico de TIENDAS Y MUSEOS CANARIOS, Fernando Sch\u00f6nfeldt Lecuona.<\/p>\n<p><em><span style=\"text-decoration: underline;\">LA CASA DE LOS BALCONES<\/span><\/em><\/p>\n<p>(Empresa de turismo cultural radicada en La Orotava, y con diferentes sedes en toda la geograf\u00eda canaria)<\/p>\n<p><span style=\"text-decoration: underline;\">Funciones:<\/span> Dirigir y coordinar la actividad de la empresa, garantizando la implantaci\u00f3n y seguimiento de las diferentes pol\u00edticas establecidas, el cumplimiento de los objetivos corporativos y la calidad en la prestaci\u00f3n del servicio.<\/p>\n<p><span style=\"text-decoration: underline;\">TAREAS PRINCIPALES DEL PUESTO:<\/span><\/p>\n<ul>\n<li>Dise\u00f1ar y articular el plan estrat\u00e9gico de la empresa.<\/li>\n<li>Aprobar los objetivos anuales generales de la organizaci\u00f3n y revisar los resultados al cierre del a\u00f1o.<\/li>\n<li>Fijar, junto con los Responsables de cada Departamento, los objetivos espec\u00edficos relacionados con cada \u00e1rea de trabajo.<\/li>\n<li>Establecer, junto con Direcci\u00f3n Comercial, el plan de expansi\u00f3n anual y la apertura de nuevas tiendas.<\/li>\n<li>Planificar y coordinar Comisiones de Trabajo dentro de la empresa, estableciendo las nuevas l\u00edneas de trabajo a emprender.<\/li>\n<li>Supervisar la ejecuci\u00f3n del trabajo encomendado a los responsables de cada Departamento, estableciendo para ello reuniones de seguimiento y control.<\/li>\n<li>Analizar los informes de resultados presentados por cada Departamento, y tomar decisiones en base a los mismos.<\/li>\n<li>Realizar, en coordinaci\u00f3n con Direcci\u00f3n Comercial, visitas peri\u00f3dicas a las tiendas, para supervisar su funcionamiento y garantizar el mantenimiento de la imagen corporativa.<\/li>\n<li>Planificar, organizar, controlar y evaluar la gesti\u00f3n econ\u00f3mica y financiera de la empresa, tomando las decisiones financieras relacionadas con la inversi\u00f3n y asignaci\u00f3n de recursos en la empresa<\/li>\n<li>Supervisar el estado contable de la empresa.<\/li>\n<li>Autorizar la ejecuci\u00f3n de proyectos de especial relevancia dentro de cada Departamento<\/li>\n<li>Autorizar o denegar el acceso del personal a informaci\u00f3n relacionada con la empresa y sus clientes, as\u00ed como a las cuentas de la empresa.<\/li>\n<li>Colaborar, junto con el\/la Responsable de RRHH, en la toma de decisiones sobre la plantilla: renovaciones, promoci\u00f3n interna, incentivos, nuevas incorporaciones, etc.<\/li>\n<li>Representar a la organizaci\u00f3n ante instituciones de car\u00e1cter p\u00fablico y privado, participando activamente en asociaciones empresariales<\/li>\n<li>Colaborar en la gesti\u00f3n de las acciones de protocolo, relaciones p\u00fablicas, atenci\u00f3n a los medios de comunicaci\u00f3n, y relaciones con agencias de viaje y tour operadores.<\/li>\n<li>Establecer acuerdos de colaboraci\u00f3n con asociaciones empresariales, instituciones p\u00fablicas, centros de formaci\u00f3n, etc.<\/li>\n<li>Establecer las pol\u00edticas de empresa y comunicarlas a los respectivos Departamentos<\/li>\n<li>Rendir cuentas ante Presidencia sobre el funcionamiento de la empresa<\/li>\n<\/ul>\n<p><strong>ECON\u00d3MICA FINANCIERA<\/strong><\/p>\n<p><strong>INFORMACI\u00d3N PRESUPUESTARIA Y CONTABLE<\/strong><\/p>\n<p><span style=\"text-decoration: underline;\">1091 \u2013 Cuentas anuales que deban rendirse por la entidad (balance, cuenta de resultado econ\u00f3mico patrimonial, memoria y liquidaci\u00f3n del Presupuesto) o instrumento informativo similar.<\/span><\/p>\n<p>Dicha informaci\u00f3n se encuentra disponible a trav\u00e9s de la empresa ALTIOR en el siguiente enlace, http:\/\/www.altiorconsulting.com\/<\/p>\n<p>&nbsp;<\/p>\n<p><strong>CONTRATOS<\/strong><\/p>\n<p><strong>CONTRATOS FORMALIZADOS<\/strong><\/p>\n<p><span style=\"text-decoration: underline;\">1144 \u2013 Denominaci\u00f3n y objeto.<\/span><\/p>\n<p><span style=\"text-decoration: underline;\">1145 \u2013 Duraci\u00f3n.<\/span><\/p>\n<p><span style=\"text-decoration: underline;\">1146 \u2013 Importe de licitaci\u00f3n.<\/span><\/p>\n<p><span style=\"text-decoration: underline;\">1147 \u2013 Importe de adjudicaci\u00f3n.<\/span><\/p>\n<p><span style=\"text-decoration: underline;\">1148 \u2013 Procedimiento utilizado.<\/span><\/p>\n<p><span style=\"text-decoration: underline;\">1151 \u2013 Identidad de las personas o entidades a las que se adjudica el contrato o administraci\u00f3n contratante en el caso de entidades privadas.<\/span><\/p>\n<p><span style=\"text-decoration: underline;\">1154 \u2013 Modificaciones de los contratos formalizados.<\/span><\/p>\n<p>&nbsp;<\/p>\n<p><strong>CONTRATOS RESUELTOS<\/strong><\/p>\n<p><span style=\"text-decoration: underline;\">1157 \u2013 Decisiones de desistimiento y renuncia de los contratos.<\/span><\/p>\n<p><strong>CONVENIOS Y ENCOMIENDAS DE GESTI\u00d3N<\/strong><\/p>\n<p><strong>CONVENIOS<\/strong><\/p>\n<p><span style=\"text-decoration: underline;\">1158 \u2013 Partes firmantes y denominaci\u00f3n del convenio.<\/span><\/p>\n<p>CONVENIO DE COOPERACI\u00d3N EDUCATIVA ENTRE LA UNIVERSIDAD DE LA LAGUNA Y TIENDAS Y MUSEOS CANARIOS PARA LA REALIZACI\u00d3N DE PR\u00c1CTICAS EXTERNAS DEL ALUMNADO DE GRADO Y DE M\u00c1STER OFICIALES DE LA UNIVERSIDAD DE LA LAGUNA<\/p>\n<p><span style=\"text-decoration: underline;\">1159 \u2013 Objeto.<\/span><\/p>\n<p>Es objeto del presente convenio regular la colaboraci\u00f3n entre la entidad colaboradora y la Universidad para facilitar al alumnado que participa en los cursos correspondientes a los t\u00edtulos de Grado y M\u00e1ster de la Universidad de La Laguna, la realizaci\u00f3n de pr\u00e1cticas externas en centros de trabajo de la entidad colaboradora y conseguir, de esta manera, una formaci\u00f3n m\u00e1s completa en contacto con el ambiente real del mundo laboral y el trabajo desarrollado en las ocupaciones profesionales relacionadas con los estudios que cursa.<\/p>\n<p><span style=\"text-decoration: underline;\">1161 \u2013 Plazo y condiciones de vigencia.<\/span><\/p>\n<p>Este convenio entrar\u00e1 en vigor desde la fecha de la firma del mismo y tendr\u00e1 una duraci\u00f3n inicial de CUATRO cursos acad\u00e9micos, entendi\u00e9ndose prorrogado por OTROS CUATRO A\u00d1OS de manera autom\u00e1tica, en tanto no medie denuncia de cualquiera de las partes comunicada a la otra con una antelaci\u00f3n m\u00ednima de tres (3) meses a la fecha de su vencimiento.<\/p>\n<p><span style=\"text-decoration: underline;\">1162 \u2013 \u00d3rganos o unidades encargadas de la ejecuci\u00f3n.<\/span><\/p>\n<p>UNIVERSIDAD DE LA LAGUNA y TIENDAS Y MUSEOS CANARIOS<\/p>\n<p><span style=\"text-decoration: underline;\">1163 \u2013 Obligaciones econ\u00f3micas\/financiaci\u00f3n, con indicaci\u00f3n de las cantidades que corresponden a cada una de las partes firmantes.<\/span><\/p>\n<p>La entidad colaboradora no podr\u00e1 cubrir, siquiera con car\u00e1cter interino, ning\u00fan puesto de trabajo con alumnado en pr\u00e1cticas externas, ni establecer una relaci\u00f3n laboral retribuida. En este caso, se considerar\u00e1n extinguidas las pr\u00e1cticas externas con respecto a dicho alumnado, debiendo la entidad colaboradora comunicar este hecho al profesorado tutor\/a acad\u00e9mico\/a o coordinador\/a de pr\u00e1cticas externas del Grado o M\u00e1ster correspondiente.<\/p>\n<p><span style=\"text-decoration: underline;\">1164 \u2013 Modificaciones realizadas durante la vigencia: objeto y fecha.<\/span><\/p>\n<p>30 de enero de 2020<\/p>\n<p>&nbsp;<\/p>\n<p><strong>AYUDAS Y SUBVENCIONES<\/strong><\/p>\n<p><strong>RELACI\u00d3N DE AYUDAS Y SUBVENCIONES RECIBIDAS DE UNA ADMINISTRACI\u00d3N P\u00daBLICA<\/strong><\/p>\n<p><span style=\"text-decoration: underline;\">1187 \u2013 Importe, objetivo o finalidad, descripci\u00f3n de la actividad subvencionada y administraci\u00f3n concedente.<\/span><\/p>\n<p>&nbsp;<\/p>\n<p><strong>INCORPORACI\u00d3N DE PERSONAL INNOVADOR AL TEJIDO PRODUCTIVO, COFINANCIADAS POR EL PROGRAMA OPERATIVO FSE CANARIAS 2014-2020, PARA EL A\u00d1O 2019<\/strong><\/p>\n<p>&nbsp;<\/p>\n<p>https:\/\/sede.gobcan.es\/aciisi\/anuncios\/aca3b8ba-7f67-4e16-85b1-a5bf440c93b0[\/vc_column_text][\/vc_column][\/vc_row][vc_row css_animation=&#8220;&#8220; row_type=&#8220;row&#8220; use_row_as_full_screen_section=&#8220;no&#8220; type=&#8220;full_width&#8220; angled_section=&#8220;no&#8220; text_align=&#8220;left&#8220; background_image_as_pattern=&#8220;without_pattern&#8220;][vc_column][vc_empty_space height=&#8220;100px&#8220;][\/vc_column][\/vc_row]<\/p>\n<\/section>","protected":false},"excerpt":{"rendered":"<p>[vc_row css_animation=&#8220;&#8220; row_type=&#8220;row&#8220; use_row_as_full_screen_section=&#8220;no&#8220; type=&#8220;full_width&#8220; angled_section=&#8220;no&#8220; text_align=&#8220;left&#8220; background_image_as_pattern=&#8220;without_pattern&#8220; css=&#8220;.vc_custom_1693991690877{background-color: #efe6d9 !important;}&#8220; z_index=&#8220;&#8220;][vc_column width=&#8220;1\/12&#8243;][\/vc_column][vc_column width=&#8220;10\/12&#8243;][vc_empty_space height=&#8220;80px&#8220;][vc_column_text] Indicadores Ley Canaria de Transparencia. [\/vc_column_text][vc_empty_space height=&#8220;100px&#8220;][\/vc_column][vc_column width=&#8220;1\/12&#8243;][\/vc_column][\/vc_row][vc_row css_animation=&#8220;&#8220; row_type=&#8220;row&#8220; use_row_as_full_screen_section=&#8220;no&#8220; type=&#8220;full_width&#8220; angled_section=&#8220;no&#8220; text_align=&#8220;left&#8220; background_image_as_pattern=&#8220;without_pattern&#8220;][vc_column][vc_empty_space height=&#8220;50px&#8220;][\/vc_column][\/vc_row][vc_row css_animation=&#8220;&#8220; row_type=&#8220;row&#8220; use_row_as_full_screen_section=&#8220;no&#8220; type=&#8220;grid&#8220; angled_section=&#8220;no&#8220; text_align=&#8220;left&#8220; background_image_as_pattern=&#8220;without_pattern&#8220; z_index=&#8220;&#8220;][vc_column][vc_column_text]INSTITUCIONAL INFORMACI\u00d3N GENERAL 1002 \u2013 Normativa aplicable&#8230;<\/p>\n","protected":false},"author":1,"featured_media":0,"parent":0,"menu_order":0,"comment_status":"closed","ping_status":"closed","template":"full_width.php","meta":{"footnotes":""},"class_list":["post-1225","page","type-page","status-publish","hentry"],"yoast_head":"<!-- This site is optimized with the Yoast SEO plugin v23.1 - https:\/\/yoast.com\/wordpress\/plugins\/seo\/ -->\n<title>Indikatoren Kanarisches Transparenzgesetz - The Qbox<\/title>\n<meta name=\"robots\" content=\"index, follow, max-snippet:-1, max-image-preview:large, max-video-preview:-1\" \/>\n<link rel=\"canonical\" href=\"https:\/\/theqbox.es\/de\/indikatoren-kanarisches-transparenzgesetz\/\" \/>\n<meta property=\"og:locale\" content=\"de_DE\" \/>\n<meta property=\"og:type\" content=\"article\" \/>\n<meta property=\"og:title\" content=\"Indikatoren Kanarisches Transparenzgesetz - The Qbox\" \/>\n<meta property=\"og:description\" content=\"[vc_row css_animation=&#8220;&#8220; row_type=&#8220;row&#8220; use_row_as_full_screen_section=&#8220;no&#8220; type=&#8220;full_width&#8220; angled_section=&#8220;no&#8220; text_align=&#8220;left&#8220; background_image_as_pattern=&#8220;without_pattern&#8220; css=&#8220;.vc_custom_1693991690877{background-color: #efe6d9 !important;}&#8220; z_index=&#8220;&#8220;][vc_column width=&#8220;1\/12&#8243;][\/vc_column][vc_column width=&#8220;10\/12&#8243;][vc_empty_space height=&#8220;80px&#8220;][vc_column_text] Indicadores Ley Canaria de Transparencia. [\/vc_column_text][vc_empty_space height=&#8220;100px&#8220;][\/vc_column][vc_column width=&#8220;1\/12&#8243;][\/vc_column][\/vc_row][vc_row css_animation=&#8220;&#8220; row_type=&#8220;row&#8220; use_row_as_full_screen_section=&#8220;no&#8220; type=&#8220;full_width&#8220; angled_section=&#8220;no&#8220; text_align=&#8220;left&#8220; background_image_as_pattern=&#8220;without_pattern&#8220;][vc_column][vc_empty_space height=&#8220;50px&#8220;][\/vc_column][\/vc_row][vc_row css_animation=&#8220;&#8220; row_type=&#8220;row&#8220; use_row_as_full_screen_section=&#8220;no&#8220; type=&#8220;grid&#8220; angled_section=&#8220;no&#8220; text_align=&#8220;left&#8220; background_image_as_pattern=&#8220;without_pattern&#8220; z_index=&#8220;&#8220;][vc_column][vc_column_text]INSTITUCIONAL INFORMACI\u00d3N GENERAL 1002 \u2013 Normativa aplicable...\" \/>\n<meta property=\"og:url\" content=\"https:\/\/theqbox.es\/de\/indikatoren-kanarisches-transparenzgesetz\/\" \/>\n<meta property=\"og:site_name\" content=\"The Qbox\" \/>\n<meta property=\"article:modified_time\" content=\"2023-10-16T09:34:05+00:00\" \/>\n<meta name=\"twitter:card\" content=\"summary_large_image\" \/>\n<meta name=\"twitter:label1\" content=\"Gesch\u00e4tzte Lesezeit\" \/>\n\t<meta name=\"twitter:data1\" content=\"7\u00a0Minuten\" \/>\n<script type=\"application\/ld+json\" class=\"yoast-schema-graph\">{\"@context\":\"https:\/\/schema.org\",\"@graph\":[{\"@type\":\"WebPage\",\"@id\":\"https:\/\/theqbox.es\/de\/indikatoren-kanarisches-transparenzgesetz\/\",\"url\":\"https:\/\/theqbox.es\/de\/indikatoren-kanarisches-transparenzgesetz\/\",\"name\":\"Indikatoren Kanarisches Transparenzgesetz - The Qbox\",\"isPartOf\":{\"@id\":\"https:\/\/theqbox.es\/de\/#website\"},\"datePublished\":\"2023-09-07T10:29:52+00:00\",\"dateModified\":\"2023-10-16T09:34:05+00:00\",\"breadcrumb\":{\"@id\":\"https:\/\/theqbox.es\/de\/indikatoren-kanarisches-transparenzgesetz\/#breadcrumb\"},\"inLanguage\":\"de\",\"potentialAction\":[{\"@type\":\"ReadAction\",\"target\":[\"https:\/\/theqbox.es\/de\/indikatoren-kanarisches-transparenzgesetz\/\"]}]},{\"@type\":\"BreadcrumbList\",\"@id\":\"https:\/\/theqbox.es\/de\/indikatoren-kanarisches-transparenzgesetz\/#breadcrumb\",\"itemListElement\":[{\"@type\":\"ListItem\",\"position\":1,\"name\":\"Inicio\",\"item\":\"https:\/\/theqbox.es\/de\/\"},{\"@type\":\"ListItem\",\"position\":2,\"name\":\"Indikatoren Kanarisches Transparenzgesetz\"}]},{\"@type\":\"WebSite\",\"@id\":\"https:\/\/theqbox.es\/de\/#website\",\"url\":\"https:\/\/theqbox.es\/de\/\",\"name\":\"The Qbox\",\"description\":\"My WordPress Blog\",\"publisher\":{\"@id\":\"https:\/\/theqbox.es\/de\/#organization\"},\"potentialAction\":[{\"@type\":\"SearchAction\",\"target\":{\"@type\":\"EntryPoint\",\"urlTemplate\":\"https:\/\/theqbox.es\/de\/?s={search_term_string}\"},\"query-input\":\"required name=search_term_string\"}],\"inLanguage\":\"de\"},{\"@type\":\"Organization\",\"@id\":\"https:\/\/theqbox.es\/de\/#organization\",\"name\":\"The Qbox\",\"url\":\"https:\/\/theqbox.es\/de\/\",\"logo\":{\"@type\":\"ImageObject\",\"inLanguage\":\"de\",\"@id\":\"https:\/\/theqbox.es\/de\/#\/schema\/logo\/image\/\",\"url\":\"https:\/\/theqbox.es\/wp-content\/uploads\/2023\/09\/TheQbox-logo.svg\",\"contentUrl\":\"https:\/\/theqbox.es\/wp-content\/uploads\/2023\/09\/TheQbox-logo.svg\",\"width\":1,\"height\":1,\"caption\":\"The Qbox\"},\"image\":{\"@id\":\"https:\/\/theqbox.es\/de\/#\/schema\/logo\/image\/\"}}]}<\/script>\n<!-- \/ Yoast SEO plugin. -->","yoast_head_json":{"title":"Indikatoren Kanarisches Transparenzgesetz - The Qbox","robots":{"index":"index","follow":"follow","max-snippet":"max-snippet:-1","max-image-preview":"max-image-preview:large","max-video-preview":"max-video-preview:-1"},"canonical":"https:\/\/theqbox.es\/de\/indikatoren-kanarisches-transparenzgesetz\/","og_locale":"de_DE","og_type":"article","og_title":"Indikatoren Kanarisches Transparenzgesetz - The Qbox","og_description":"[vc_row css_animation=&#8220;&#8220; row_type=&#8220;row&#8220; use_row_as_full_screen_section=&#8220;no&#8220; type=&#8220;full_width&#8220; angled_section=&#8220;no&#8220; text_align=&#8220;left&#8220; background_image_as_pattern=&#8220;without_pattern&#8220; css=&#8220;.vc_custom_1693991690877{background-color: #efe6d9 !important;}&#8220; z_index=&#8220;&#8220;][vc_column width=&#8220;1\/12&#8243;][\/vc_column][vc_column width=&#8220;10\/12&#8243;][vc_empty_space height=&#8220;80px&#8220;][vc_column_text] Indicadores Ley Canaria de Transparencia. [\/vc_column_text][vc_empty_space height=&#8220;100px&#8220;][\/vc_column][vc_column width=&#8220;1\/12&#8243;][\/vc_column][\/vc_row][vc_row css_animation=&#8220;&#8220; row_type=&#8220;row&#8220; use_row_as_full_screen_section=&#8220;no&#8220; type=&#8220;full_width&#8220; angled_section=&#8220;no&#8220; text_align=&#8220;left&#8220; background_image_as_pattern=&#8220;without_pattern&#8220;][vc_column][vc_empty_space height=&#8220;50px&#8220;][\/vc_column][\/vc_row][vc_row css_animation=&#8220;&#8220; row_type=&#8220;row&#8220; use_row_as_full_screen_section=&#8220;no&#8220; type=&#8220;grid&#8220; angled_section=&#8220;no&#8220; text_align=&#8220;left&#8220; background_image_as_pattern=&#8220;without_pattern&#8220; z_index=&#8220;&#8220;][vc_column][vc_column_text]INSTITUCIONAL INFORMACI\u00d3N GENERAL 1002 \u2013 Normativa aplicable...","og_url":"https:\/\/theqbox.es\/de\/indikatoren-kanarisches-transparenzgesetz\/","og_site_name":"The Qbox","article_modified_time":"2023-10-16T09:34:05+00:00","twitter_card":"summary_large_image","twitter_misc":{"Gesch\u00e4tzte Lesezeit":"7\u00a0Minuten"},"schema":{"@context":"https:\/\/schema.org","@graph":[{"@type":"WebPage","@id":"https:\/\/theqbox.es\/de\/indikatoren-kanarisches-transparenzgesetz\/","url":"https:\/\/theqbox.es\/de\/indikatoren-kanarisches-transparenzgesetz\/","name":"Indikatoren Kanarisches Transparenzgesetz - The Qbox","isPartOf":{"@id":"https:\/\/theqbox.es\/de\/#website"},"datePublished":"2023-09-07T10:29:52+00:00","dateModified":"2023-10-16T09:34:05+00:00","breadcrumb":{"@id":"https:\/\/theqbox.es\/de\/indikatoren-kanarisches-transparenzgesetz\/#breadcrumb"},"inLanguage":"de","potentialAction":[{"@type":"ReadAction","target":["https:\/\/theqbox.es\/de\/indikatoren-kanarisches-transparenzgesetz\/"]}]},{"@type":"BreadcrumbList","@id":"https:\/\/theqbox.es\/de\/indikatoren-kanarisches-transparenzgesetz\/#breadcrumb","itemListElement":[{"@type":"ListItem","position":1,"name":"Inicio","item":"https:\/\/theqbox.es\/de\/"},{"@type":"ListItem","position":2,"name":"Indikatoren Kanarisches Transparenzgesetz"}]},{"@type":"WebSite","@id":"https:\/\/theqbox.es\/de\/#website","url":"https:\/\/theqbox.es\/de\/","name":"The Qbox","description":"My WordPress Blog","publisher":{"@id":"https:\/\/theqbox.es\/de\/#organization"},"potentialAction":[{"@type":"SearchAction","target":{"@type":"EntryPoint","urlTemplate":"https:\/\/theqbox.es\/de\/?s={search_term_string}"},"query-input":"required name=search_term_string"}],"inLanguage":"de"},{"@type":"Organization","@id":"https:\/\/theqbox.es\/de\/#organization","name":"The Qbox","url":"https:\/\/theqbox.es\/de\/","logo":{"@type":"ImageObject","inLanguage":"de","@id":"https:\/\/theqbox.es\/de\/#\/schema\/logo\/image\/","url":"https:\/\/theqbox.es\/wp-content\/uploads\/2023\/09\/TheQbox-logo.svg","contentUrl":"https:\/\/theqbox.es\/wp-content\/uploads\/2023\/09\/TheQbox-logo.svg","width":1,"height":1,"caption":"The Qbox"},"image":{"@id":"https:\/\/theqbox.es\/de\/#\/schema\/logo\/image\/"}}]}},"_links":{"self":[{"href":"https:\/\/theqbox.es\/de\/wp-json\/wp\/v2\/pages\/1225","targetHints":{"allow":["GET"]}}],"collection":[{"href":"https:\/\/theqbox.es\/de\/wp-json\/wp\/v2\/pages"}],"about":[{"href":"https:\/\/theqbox.es\/de\/wp-json\/wp\/v2\/types\/page"}],"author":[{"embeddable":true,"href":"https:\/\/theqbox.es\/de\/wp-json\/wp\/v2\/users\/1"}],"replies":[{"embeddable":true,"href":"https:\/\/theqbox.es\/de\/wp-json\/wp\/v2\/comments?post=1225"}],"version-history":[{"count":2,"href":"https:\/\/theqbox.es\/de\/wp-json\/wp\/v2\/pages\/1225\/revisions"}],"predecessor-version":[{"id":1227,"href":"https:\/\/theqbox.es\/de\/wp-json\/wp\/v2\/pages\/1225\/revisions\/1227"}],"wp:attachment":[{"href":"https:\/\/theqbox.es\/de\/wp-json\/wp\/v2\/media?parent=1225"}],"curies":[{"name":"wp","href":"https:\/\/api.w.org\/{rel}","templated":true}]}}