{"id":1186,"date":"2023-09-06T10:18:32","date_gmt":"2023-09-06T10:18:32","guid":{"rendered":"https:\/\/theqbox.es\/geschaeftsbedingungen\/"},"modified":"2023-10-02T12:08:31","modified_gmt":"2023-10-02T12:08:31","slug":"geschaeftsbedingungen","status":"publish","type":"page","link":"https:\/\/theqbox.es\/de\/geschaeftsbedingungen\/","title":{"rendered":"Gesch\u00e4ftsbedingungen"},"content":{"rendered":"<section class=\"wpb-content-wrapper\"><p>[vc_row css_animation=&#8220;&#8220; row_type=&#8220;row&#8220; use_row_as_full_screen_section=&#8220;no&#8220; type=&#8220;full_width&#8220; angled_section=&#8220;no&#8220; text_align=&#8220;left&#8220; background_image_as_pattern=&#8220;without_pattern&#8220; css=&#8220;.vc_custom_1693991690877{background-color: #efe6d9 !important;}&#8220; z_index=&#8220;&#8220;][vc_column width=&#8220;1\/12&#8243;][\/vc_column][vc_column width=&#8220;10\/12&#8243;][vc_empty_space height=&#8220;80px&#8220;][vc_column_text]<\/p>\n<h1>Gesch\u00e4ftsbedingungen<\/h1>\n<p>[\/vc_column_text][vc_empty_space height=&#8220;100px&#8220;][\/vc_column][vc_column width=&#8220;1\/12&#8243;][\/vc_column][\/vc_row][vc_row css_animation=&#8220;&#8220; row_type=&#8220;row&#8220; use_row_as_full_screen_section=&#8220;no&#8220; type=&#8220;full_width&#8220; angled_section=&#8220;no&#8220; text_align=&#8220;left&#8220; background_image_as_pattern=&#8220;without_pattern&#8220;][vc_column][vc_empty_space height=&#8220;50px&#8220;][\/vc_column][\/vc_row][vc_row css_animation=&#8220;&#8220; row_type=&#8220;row&#8220; use_row_as_full_screen_section=&#8220;no&#8220; type=&#8220;grid&#8220; angled_section=&#8220;no&#8220; text_align=&#8220;left&#8220; background_image_as_pattern=&#8220;without_pattern&#8220; z_index=&#8220;&#8220;][vc_column][vc_column_text]Diese Allgemeinen Gesch\u00e4ftsbedingungen gelten f\u00fcr alle Verkaufsvorg\u00e4nge von Produkten, die \u00fcber unsere Website hergestellt werden. Es ist wichtig, dass Sie alle diese Verkaufsbedingungen lesen, bevor Sie etwas kaufen, und wenn Sie etwas nicht verstehen, kontaktieren Sie uns.<\/p>\n<p>&nbsp;<\/p>\n<p><strong>G\u00fcltigkeit der Allgemeinen Gesch\u00e4ftsbedingungen<\/strong><\/p>\n<p>Die Gesch\u00e4ftsbedingungen von Le Qbox sind g\u00fcltig, solange sie im Internet ver\u00f6ffentlicht werden. Die Casa de Los Balcones, als Eigent\u00fcmer der Marke, beh\u00e4lt sich in jedem Fall das Recht vor, sie ohne vorherige Ank\u00fcndigung zu \u00e4ndern, sowie neue einzubauen.<\/p>\n<p>Jede auf der Website durchgef\u00fchrte Operation unterliegt den Inhalten und Bedingungen, die zum Zeitpunkt der Ver\u00f6ffentlichung ver\u00f6ffentlicht wurden.<\/p>\n<p>&nbsp;<\/p>\n<p><strong>Preise<\/strong><\/p>\n<p>Alle Preise auf der Website von Le Qbox sind in Euro angegeben. Die Preise der Produkte beinhalten die anfallenden Steuern und enthalten die Versandkosten.<\/p>\n<p>Gelegentlich kann Le Qbox Gutscheine ausgeben, die dazu verwendet werden k\u00f6nnen, den Preis eines oder mehrerer Artikel zu senken. Die Coupons haben eine begrenzte G\u00fcltigkeit und werden bekannt gegeben, sobald sie von einem Benutzer im Internet angek\u00fcndigt oder eingef\u00fchrt werden.<\/p>\n<p>&nbsp;<\/p>\n<p><strong>Zahlungsarten<\/strong><\/p>\n<p>In Le Qbox k\u00f6nnen Sie sowohl mit PayPal als auch mit einer Karte und sogar einer Bank\u00fcberweisung kaufen.<\/p>\n<p>Im Falle einer Zahlung per Bank\u00fcberweisung wird die Bestellung nicht gesendet, solange es keinen Nachweis f\u00fcr Ihre Einzahlung gibt. In diesen F\u00e4llen m\u00fcssen Sie eine \u00dcberweisung auf das Konto vornehmen, das Sie nach der Bestellung per E-Mail erhalten.<\/p>\n<p>&nbsp;<\/p>\n<p><strong>Lieferung<\/strong><\/p>\n<p>Die Produkte, die Sie in Le Qbox kaufen, werden an die Adresse geliefert, die Sie in der Bestellung angegeben haben. Le Qbox \u00fcbernimmt keine Verantwortung, falls die Lieferadresse falsch angegeben wurde. Also analysiere es gut. Analysieren Sie ihn also gut. Er enth\u00e4lt keine eventuellen Zollgeb\u00fchren, sondern nur den Transport zum Bestimmungsort und die Steuern am Ursprungsort.<\/p>\n<p>&nbsp;<\/p>\n<p><strong>R\u00fcckerstattungen und R\u00fccksendungen<\/strong><\/p>\n<p>Im Falle einer R\u00fccksendung sind Sie nicht f\u00fcr die Kosten verantwortlich, die f\u00fcr die R\u00fccksendung von defekten Produkten oder von denen, die Sie in Ihrer Bestellung angegeben haben, entstehen. In diesen F\u00e4llen erstattet Le Qbox Ihnen die anfallenden Versandkosten.<\/p>\n<p>Wenn Sie Bestellungen stornieren oder Produkte zur\u00fccksenden, geben Sie bitte den Grund f\u00fcr die R\u00fccksendung an.<\/p>\n<p>&nbsp;<\/p>\n<p><strong>Ihre Verpflichtungen<\/strong><\/p>\n<p>Sie m\u00fcssen genaue Informationen in den Formularen bereitstellen, die im Web vorhanden sind, sowohl f\u00fcr die Kontaktaufnahme als auch f\u00fcr die Auftragsabwicklung. Es liegt in Ihrer Verantwortung, Ihre Daten auf unserer Website aktuell zu halten. Denken Sie daran, dass Sie Ihr Recht auf Zugang, Berichtigung, L\u00f6schung und Widerspruch jederzeit aus\u00fcben k\u00f6nnen, wie wir es in unserer Datenschutzerkl\u00e4rung angeben, die an die allgemeine Datenschutzverordnung angepasst ist<\/p>\n<p>&nbsp;<\/p>\n<p><strong>Wenn Sie irgendwelche Fragen haben<\/strong><\/p>\n<p>Sie k\u00f6nnen Ihre Fragen, Fragen oder Anspr\u00fcche von unserer <a href=\"https:\/\/theqbox.es\/de\/kontakt\/\">Kontaktseite <\/a>stellen.[\/vc_column_text][\/vc_column][\/vc_row][vc_row css_animation=&#8220;&#8220; row_type=&#8220;row&#8220; use_row_as_full_screen_section=&#8220;no&#8220; type=&#8220;full_width&#8220; angled_section=&#8220;no&#8220; text_align=&#8220;left&#8220; background_image_as_pattern=&#8220;without_pattern&#8220;][vc_column][vc_empty_space height=&#8220;100px&#8220;][\/vc_column][\/vc_row]<\/p>\n<\/section>","protected":false},"excerpt":{"rendered":"<p>[vc_row css_animation=&#8220;&#8220; row_type=&#8220;row&#8220; use_row_as_full_screen_section=&#8220;no&#8220; type=&#8220;full_width&#8220; angled_section=&#8220;no&#8220; text_align=&#8220;left&#8220; background_image_as_pattern=&#8220;without_pattern&#8220; css=&#8220;.vc_custom_1693991690877{background-color: #efe6d9 !important;}&#8220; z_index=&#8220;&#8220;][vc_column width=&#8220;1\/12&#8243;][\/vc_column][vc_column width=&#8220;10\/12&#8243;][vc_empty_space height=&#8220;80px&#8220;][vc_column_text] Gesch\u00e4ftsbedingungen [\/vc_column_text][vc_empty_space height=&#8220;100px&#8220;][\/vc_column][vc_column width=&#8220;1\/12&#8243;][\/vc_column][\/vc_row][vc_row css_animation=&#8220;&#8220; row_type=&#8220;row&#8220; use_row_as_full_screen_section=&#8220;no&#8220; type=&#8220;full_width&#8220; angled_section=&#8220;no&#8220; text_align=&#8220;left&#8220; background_image_as_pattern=&#8220;without_pattern&#8220;][vc_column][vc_empty_space height=&#8220;50px&#8220;][\/vc_column][\/vc_row][vc_row css_animation=&#8220;&#8220; row_type=&#8220;row&#8220; use_row_as_full_screen_section=&#8220;no&#8220; type=&#8220;grid&#8220; angled_section=&#8220;no&#8220; text_align=&#8220;left&#8220; background_image_as_pattern=&#8220;without_pattern&#8220; z_index=&#8220;&#8220;][vc_column][vc_column_text]Diese Allgemeinen Gesch\u00e4ftsbedingungen gelten f\u00fcr alle Verkaufsvorg\u00e4nge von Produkten, die \u00fcber&#8230;<\/p>\n","protected":false},"author":1,"featured_media":0,"parent":0,"menu_order":0,"comment_status":"closed","ping_status":"closed","template":"full_width.php","meta":{"footnotes":""},"class_list":["post-1186","page","type-page","status-publish","hentry"],"yoast_head":"<!-- This site is optimized with the Yoast SEO plugin v23.1 - https:\/\/yoast.com\/wordpress\/plugins\/seo\/ -->\n<title>Gesch\u00e4ftsbedingungen - The Qbox<\/title>\n<meta name=\"robots\" content=\"index, follow, max-snippet:-1, max-image-preview:large, max-video-preview:-1\" \/>\n<link rel=\"canonical\" href=\"https:\/\/theqbox.es\/de\/geschaeftsbedingungen\/\" \/>\n<meta property=\"og:locale\" content=\"de_DE\" \/>\n<meta property=\"og:type\" content=\"article\" \/>\n<meta property=\"og:title\" content=\"Gesch\u00e4ftsbedingungen - The Qbox\" \/>\n<meta property=\"og:description\" content=\"[vc_row css_animation=&#8220;&#8220; row_type=&#8220;row&#8220; use_row_as_full_screen_section=&#8220;no&#8220; type=&#8220;full_width&#8220; angled_section=&#8220;no&#8220; text_align=&#8220;left&#8220; background_image_as_pattern=&#8220;without_pattern&#8220; css=&#8220;.vc_custom_1693991690877{background-color: #efe6d9 !important;}&#8220; z_index=&#8220;&#8220;][vc_column width=&#8220;1\/12&#8243;][\/vc_column][vc_column width=&#8220;10\/12&#8243;][vc_empty_space height=&#8220;80px&#8220;][vc_column_text] Gesch\u00e4ftsbedingungen [\/vc_column_text][vc_empty_space height=&#8220;100px&#8220;][\/vc_column][vc_column width=&#8220;1\/12&#8243;][\/vc_column][\/vc_row][vc_row css_animation=&#8220;&#8220; row_type=&#8220;row&#8220; use_row_as_full_screen_section=&#8220;no&#8220; type=&#8220;full_width&#8220; angled_section=&#8220;no&#8220; text_align=&#8220;left&#8220; background_image_as_pattern=&#8220;without_pattern&#8220;][vc_column][vc_empty_space height=&#8220;50px&#8220;][\/vc_column][\/vc_row][vc_row css_animation=&#8220;&#8220; row_type=&#8220;row&#8220; use_row_as_full_screen_section=&#8220;no&#8220; type=&#8220;grid&#8220; angled_section=&#8220;no&#8220; text_align=&#8220;left&#8220; background_image_as_pattern=&#8220;without_pattern&#8220; z_index=&#8220;&#8220;][vc_column][vc_column_text]Diese Allgemeinen Gesch\u00e4ftsbedingungen gelten f\u00fcr alle Verkaufsvorg\u00e4nge von Produkten, die \u00fcber...\" \/>\n<meta property=\"og:url\" content=\"https:\/\/theqbox.es\/de\/geschaeftsbedingungen\/\" \/>\n<meta property=\"og:site_name\" content=\"The Qbox\" \/>\n<meta property=\"article:modified_time\" content=\"2023-10-02T12:08:31+00:00\" \/>\n<meta name=\"twitter:card\" content=\"summary_large_image\" \/>\n<meta name=\"twitter:label1\" content=\"Gesch\u00e4tzte Lesezeit\" \/>\n\t<meta name=\"twitter:data1\" content=\"3\u00a0Minuten\" \/>\n<script type=\"application\/ld+json\" class=\"yoast-schema-graph\">{\"@context\":\"https:\/\/schema.org\",\"@graph\":[{\"@type\":\"WebPage\",\"@id\":\"https:\/\/theqbox.es\/de\/geschaeftsbedingungen\/\",\"url\":\"https:\/\/theqbox.es\/de\/geschaeftsbedingungen\/\",\"name\":\"Gesch\u00e4ftsbedingungen - The Qbox\",\"isPartOf\":{\"@id\":\"https:\/\/theqbox.es\/de\/#website\"},\"datePublished\":\"2023-09-06T10:18:32+00:00\",\"dateModified\":\"2023-10-02T12:08:31+00:00\",\"breadcrumb\":{\"@id\":\"https:\/\/theqbox.es\/de\/geschaeftsbedingungen\/#breadcrumb\"},\"inLanguage\":\"de\",\"potentialAction\":[{\"@type\":\"ReadAction\",\"target\":[\"https:\/\/theqbox.es\/de\/geschaeftsbedingungen\/\"]}]},{\"@type\":\"BreadcrumbList\",\"@id\":\"https:\/\/theqbox.es\/de\/geschaeftsbedingungen\/#breadcrumb\",\"itemListElement\":[{\"@type\":\"ListItem\",\"position\":1,\"name\":\"Inicio\",\"item\":\"https:\/\/theqbox.es\/de\/\"},{\"@type\":\"ListItem\",\"position\":2,\"name\":\"Gesch\u00e4ftsbedingungen\"}]},{\"@type\":\"WebSite\",\"@id\":\"https:\/\/theqbox.es\/de\/#website\",\"url\":\"https:\/\/theqbox.es\/de\/\",\"name\":\"The Qbox\",\"description\":\"My WordPress Blog\",\"publisher\":{\"@id\":\"https:\/\/theqbox.es\/de\/#organization\"},\"potentialAction\":[{\"@type\":\"SearchAction\",\"target\":{\"@type\":\"EntryPoint\",\"urlTemplate\":\"https:\/\/theqbox.es\/de\/?s={search_term_string}\"},\"query-input\":\"required name=search_term_string\"}],\"inLanguage\":\"de\"},{\"@type\":\"Organization\",\"@id\":\"https:\/\/theqbox.es\/de\/#organization\",\"name\":\"The Qbox\",\"url\":\"https:\/\/theqbox.es\/de\/\",\"logo\":{\"@type\":\"ImageObject\",\"inLanguage\":\"de\",\"@id\":\"https:\/\/theqbox.es\/de\/#\/schema\/logo\/image\/\",\"url\":\"https:\/\/theqbox.es\/wp-content\/uploads\/2023\/09\/TheQbox-logo.svg\",\"contentUrl\":\"https:\/\/theqbox.es\/wp-content\/uploads\/2023\/09\/TheQbox-logo.svg\",\"width\":1,\"height\":1,\"caption\":\"The Qbox\"},\"image\":{\"@id\":\"https:\/\/theqbox.es\/de\/#\/schema\/logo\/image\/\"}}]}<\/script>\n<!-- \/ Yoast SEO plugin. -->","yoast_head_json":{"title":"Gesch\u00e4ftsbedingungen - The Qbox","robots":{"index":"index","follow":"follow","max-snippet":"max-snippet:-1","max-image-preview":"max-image-preview:large","max-video-preview":"max-video-preview:-1"},"canonical":"https:\/\/theqbox.es\/de\/geschaeftsbedingungen\/","og_locale":"de_DE","og_type":"article","og_title":"Gesch\u00e4ftsbedingungen - The Qbox","og_description":"[vc_row css_animation=&#8220;&#8220; row_type=&#8220;row&#8220; use_row_as_full_screen_section=&#8220;no&#8220; type=&#8220;full_width&#8220; angled_section=&#8220;no&#8220; text_align=&#8220;left&#8220; background_image_as_pattern=&#8220;without_pattern&#8220; css=&#8220;.vc_custom_1693991690877{background-color: #efe6d9 !important;}&#8220; z_index=&#8220;&#8220;][vc_column width=&#8220;1\/12&#8243;][\/vc_column][vc_column width=&#8220;10\/12&#8243;][vc_empty_space height=&#8220;80px&#8220;][vc_column_text] Gesch\u00e4ftsbedingungen [\/vc_column_text][vc_empty_space height=&#8220;100px&#8220;][\/vc_column][vc_column width=&#8220;1\/12&#8243;][\/vc_column][\/vc_row][vc_row css_animation=&#8220;&#8220; row_type=&#8220;row&#8220; use_row_as_full_screen_section=&#8220;no&#8220; type=&#8220;full_width&#8220; angled_section=&#8220;no&#8220; text_align=&#8220;left&#8220; background_image_as_pattern=&#8220;without_pattern&#8220;][vc_column][vc_empty_space height=&#8220;50px&#8220;][\/vc_column][\/vc_row][vc_row css_animation=&#8220;&#8220; row_type=&#8220;row&#8220; use_row_as_full_screen_section=&#8220;no&#8220; type=&#8220;grid&#8220; angled_section=&#8220;no&#8220; text_align=&#8220;left&#8220; background_image_as_pattern=&#8220;without_pattern&#8220; z_index=&#8220;&#8220;][vc_column][vc_column_text]Diese Allgemeinen Gesch\u00e4ftsbedingungen gelten f\u00fcr alle Verkaufsvorg\u00e4nge von Produkten, die \u00fcber...","og_url":"https:\/\/theqbox.es\/de\/geschaeftsbedingungen\/","og_site_name":"The Qbox","article_modified_time":"2023-10-02T12:08:31+00:00","twitter_card":"summary_large_image","twitter_misc":{"Gesch\u00e4tzte Lesezeit":"3\u00a0Minuten"},"schema":{"@context":"https:\/\/schema.org","@graph":[{"@type":"WebPage","@id":"https:\/\/theqbox.es\/de\/geschaeftsbedingungen\/","url":"https:\/\/theqbox.es\/de\/geschaeftsbedingungen\/","name":"Gesch\u00e4ftsbedingungen - The Qbox","isPartOf":{"@id":"https:\/\/theqbox.es\/de\/#website"},"datePublished":"2023-09-06T10:18:32+00:00","dateModified":"2023-10-02T12:08:31+00:00","breadcrumb":{"@id":"https:\/\/theqbox.es\/de\/geschaeftsbedingungen\/#breadcrumb"},"inLanguage":"de","potentialAction":[{"@type":"ReadAction","target":["https:\/\/theqbox.es\/de\/geschaeftsbedingungen\/"]}]},{"@type":"BreadcrumbList","@id":"https:\/\/theqbox.es\/de\/geschaeftsbedingungen\/#breadcrumb","itemListElement":[{"@type":"ListItem","position":1,"name":"Inicio","item":"https:\/\/theqbox.es\/de\/"},{"@type":"ListItem","position":2,"name":"Gesch\u00e4ftsbedingungen"}]},{"@type":"WebSite","@id":"https:\/\/theqbox.es\/de\/#website","url":"https:\/\/theqbox.es\/de\/","name":"The Qbox","description":"My WordPress Blog","publisher":{"@id":"https:\/\/theqbox.es\/de\/#organization"},"potentialAction":[{"@type":"SearchAction","target":{"@type":"EntryPoint","urlTemplate":"https:\/\/theqbox.es\/de\/?s={search_term_string}"},"query-input":"required name=search_term_string"}],"inLanguage":"de"},{"@type":"Organization","@id":"https:\/\/theqbox.es\/de\/#organization","name":"The Qbox","url":"https:\/\/theqbox.es\/de\/","logo":{"@type":"ImageObject","inLanguage":"de","@id":"https:\/\/theqbox.es\/de\/#\/schema\/logo\/image\/","url":"https:\/\/theqbox.es\/wp-content\/uploads\/2023\/09\/TheQbox-logo.svg","contentUrl":"https:\/\/theqbox.es\/wp-content\/uploads\/2023\/09\/TheQbox-logo.svg","width":1,"height":1,"caption":"The Qbox"},"image":{"@id":"https:\/\/theqbox.es\/de\/#\/schema\/logo\/image\/"}}]}},"_links":{"self":[{"href":"https:\/\/theqbox.es\/de\/wp-json\/wp\/v2\/pages\/1186","targetHints":{"allow":["GET"]}}],"collection":[{"href":"https:\/\/theqbox.es\/de\/wp-json\/wp\/v2\/pages"}],"about":[{"href":"https:\/\/theqbox.es\/de\/wp-json\/wp\/v2\/types\/page"}],"author":[{"embeddable":true,"href":"https:\/\/theqbox.es\/de\/wp-json\/wp\/v2\/users\/1"}],"replies":[{"embeddable":true,"href":"https:\/\/theqbox.es\/de\/wp-json\/wp\/v2\/comments?post=1186"}],"version-history":[{"count":2,"href":"https:\/\/theqbox.es\/de\/wp-json\/wp\/v2\/pages\/1186\/revisions"}],"predecessor-version":[{"id":1188,"href":"https:\/\/theqbox.es\/de\/wp-json\/wp\/v2\/pages\/1186\/revisions\/1188"}],"wp:attachment":[{"href":"https:\/\/theqbox.es\/de\/wp-json\/wp\/v2\/media?parent=1186"}],"curies":[{"name":"wp","href":"https:\/\/api.w.org\/{rel}","templated":true}]}}